{"id":9557,"date":"2025-06-10T16:58:44","date_gmt":"2025-06-10T13:58:44","guid":{"rendered":"https:\/\/www.alkishaliyikama.com\/?page_id=9557"},"modified":"2025-06-22T18:07:38","modified_gmt":"2025-06-22T15:07:38","slug":"battaniye-yikama","status":"publish","type":"page","link":"https:\/\/www.alkishaliyikama.com\/index.php\/hizmetlerimiz\/battaniye-yikama\/","title":{"rendered":"Battaniye Y\u0131kama"},"content":{"rendered":"<div class=\"wpb-content-wrapper\"><p>[vc_section woodmart_css_id=&#8221;68581c359c5ea&#8221; responsive_spacing=&#8221;eyJwYXJhbV90eXBlIjoid29vZG1hcnRfcmVzcG9uc2l2ZV9zcGFjaW5nIiwic2VsZWN0b3JfaWQiOiI2ODU4MWMzNTljNWVhIiwic2hvcnRjb2RlIjoidmNfc2VjdGlvbiIsImRhdGEiOnsidGFibGV0Ijp7fSwibW9iaWxlIjp7fX19&#8243; mobile_bg_img_hidden=&#8221;no&#8221; tablet_bg_img_hidden=&#8221;no&#8221; woodmart_parallax=&#8221;0&#8243; woodmart_gradient_switch=&#8221;no&#8221; woodmart_box_shadow=&#8221;no&#8221; wd_z_index=&#8221;no&#8221; woodmart_disable_overflow=&#8221;0&#8243;][vc_row][vc_column width=&#8221;1\/2&#8243;]\n\t\t<div id=\"wd-684839335b48f\" class=\"title-wrapper wd-wpb wd-set-mb reset-last-child  wd-rs-684839335b48f wd-title-color-default wd-title-style-default text-left  wd-underline-colored\">\n\t\t\t\t\t\t\t\n\t\t\t\t<div class=\"title-subtitle  subtitle-color-default font-alt subtitle-style-default wd-font-weight- wd-fontsize-xs\">Alk\u0131\u015f Temizlik ve Hal\u0131 Y\u0131kama Fabrikas\u0131<\/div>\n\t\t\t\n\t\t\t<div class=\"liner-continer\">\n\t\t\t\t<h4 class=\"woodmart-title-container title  wd-font-weight- wd-fontsize-l\" >Battaniye Y\u0131kama Hizmetinde Do\u011fal Temizlik: Alk\u0131\u015f Hal\u0131 Y\u0131kama ile Hijyen Art\u0131k Daha Sa\u011fl\u0131kl\u0131<\/h4>\n\t\t\t\t\t\t\t<\/div>\n\t\t\t\n\t\t\t\n\t\t\t\n\t\t<\/div>\n\t\t\n\t\t\t\t<div id=\"wd-6848395eb36cc\" class=\"wd-text-block wd-wpb reset-last-child wd-rs-6848395eb36cc text-left \">\n\t\t\t<p data-start=\"404\" data-end=\"624\">Battaniyeler; do\u011fal, s\u0131cak tutan ve uzun \u00f6m\u00fcrl\u00fc yap\u0131lar\u0131yla geleneksel T\u00fcrk evlerinin vazge\u00e7ilmezlerindendir. Ancak bu do\u011fal \u00fcr\u00fcnler, yanl\u0131\u015f y\u0131kama teknikleriyle hem hijyenini kaybeder hem de kullan\u0131lmaz hale gelebilir.<\/p>\n<p data-start=\"626\" data-end=\"858\"><strong data-start=\"626\" data-end=\"647\">Alk\u0131\u015f Hal\u0131 Y\u0131kama<\/strong>, <strong data-start=\"649\" data-end=\"690\">\u0130zmit ve \u00e7evresinde battaniye y\u0131kama<\/strong> hizmetini; do\u011fall\u0131\u011f\u0131n\u0131 bozmayan \u00f6zel y\u00f6ntemlerle, profesyonel olarak sunar. %100 hijyen, %0 zarar ilkesiyle battaniyelerinizi ilk g\u00fcnk\u00fc tazeli\u011fiyle teslim ediyoruz.<\/p>\n\t\t<\/div>\n\t\t[\/vc_column][vc_column width=&#8221;1\/2&#8243;]\t\t<div id=\"wd-6848396b45b65\" class=\"wd-image wd-wpb wd-rs-6848396b45b65 text-right \">\n\t\t\t\n\t\t\t<img loading=\"lazy\" decoding=\"async\" width=\"370\" height=\"300\" src=\"https:\/\/www.alkishaliyikama.com\/wp-content\/uploads\/2025\/06\/Battaniye-Yikama-Hizmeti-Kocaeli-Izmit-Korfez-Malta-Yesilova-Umuttepe-Alkis-Hali-Yikamada.jpg\" class=\"attachment-medium size-medium\" alt=\"Battaniye Y\u0131kama Hizmeti Kocaeli \u0130zmit K\u00f6rfez Malta Ye\u015filova Umuttepe Alk\u0131\u015f Hal\u0131 Y\u0131kama&#039;da!\" \/>\n\t\t\t\t\t<\/div>\n\t\t[\/vc_column][\/vc_row][vc_row][vc_column]\n\t\t<div id=\"wd-684839781f256\" class=\"title-wrapper wd-wpb wd-set-mb reset-last-child  wd-rs-684839781f256 wd-title-color-default wd-title-style-default text-left  wd-underline-colored\">\n\t\t\t\n\t\t\t<div class=\"liner-continer\">\n\t\t\t\t<h4 class=\"woodmart-title-container title  wd-font-weight- wd-fontsize-l\" >Battaniyeler Neden Profesyonel ve \u00d6zel Temizlik Gerekir?<\/h4>\n\t\t\t\t\t\t\t<\/div>\n\t\t\t\n\t\t\t\n\t\t\t\n\t\t<\/div>\n\t\t\n\t\t\t\t<div id=\"wd-68483981dcaf3\" class=\"wd-text-block wd-wpb reset-last-child wd-rs-68483981dcaf3 text-left \">\n\t\t\t<p data-start=\"916\" data-end=\"1051\">Y\u00fcksek \u0131s\u0131ya, deterjana ve makine y\u0131kamas\u0131na kar\u015f\u0131 olduk\u00e7a hassast\u0131r. Uygun olmayan y\u0131kamalar sonucunda:<\/p>\n<p data-start=\"1053\" data-end=\"1240\">???? Battaniye sertle\u015febilir veya ke\u00e7ele\u015febilir<br data-start=\"1095\" data-end=\"1098\" \/>???? \u0130\u00e7 dolgusu bozulabilir, topaklanma ya\u015fanabilir<br data-start=\"1147\" data-end=\"1150\" \/>???? K\u00f6t\u00fc koku, k\u00fcf ve bakteri olu\u015fumu g\u00f6r\u00fclebilir<br data-start=\"1198\" data-end=\"1201\" \/>???? Alerjik reaksiyonlara neden olabilir<\/p>\n<p data-start=\"1242\" data-end=\"1364\">Bu nedenle <strong data-start=\"1253\" data-end=\"1281\">y\u00fcn yorgan y\u0131kama i\u015flemi<\/strong>, sadece y\u00fcn\u00fcn yap\u0131s\u0131na uygun tekniklerle ve profesyonel ekipmanlarla yap\u0131lmal\u0131d\u0131r.<\/p>\n\t\t<\/div>\n\t\t[\/vc_column][\/vc_row][vc_row][vc_column]\n\t\t<div id=\"wd-68483992285a9\" class=\"title-wrapper wd-wpb wd-set-mb reset-last-child  wd-rs-68483992285a9 wd-title-color-default wd-title-style-default text-left  wd-underline-colored\">\n\t\t\t\n\t\t\t<div class=\"liner-continer\">\n\t\t\t\t<h4 class=\"woodmart-title-container title  wd-font-weight- wd-fontsize-l\" >Alk\u0131\u015f Hal\u0131 Y\u0131kama\u2019da Battaniye Nas\u0131l Y\u0131kan\u0131r?<\/h4>\n\t\t\t\t\t\t\t<\/div>\n\t\t\t\n\t\t\t\n\t\t\t\n\t\t<\/div>\n\t\t\n\t\t\t\t<div id=\"wd-6848399a29bad\" class=\"wd-text-block wd-wpb reset-last-child wd-rs-6848399a29bad text-left \">\n\t\t\t<p data-start=\"1430\" data-end=\"2055\">???? <strong data-start=\"1433\" data-end=\"1449\">\u00d6n \u0130nceleme:<\/strong> Battaniyenin diki\u015f yap\u0131s\u0131, i\u00e7 dolgu tipi ve leke durumu analiz edilir.<br data-start=\"1516\" data-end=\"1519\" \/>???? <strong data-start=\"1522\" data-end=\"1549\">Hassas Y\u0131kama Program\u0131: <\/strong>Battaniyeye \u00f6zel, d\u00fc\u015f\u00fck s\u0131cakl\u0131kta ve \u00f6zel y\u0131kama d\u00f6ng\u00fcs\u00fc uygulan\u0131r.<br data-start=\"1617\" data-end=\"1620\" \/>???? <strong data-start=\"1623\" data-end=\"1651\">Do\u011fal Temizlik \u00dcr\u00fcnleri:<\/strong> Bitkisel bazl\u0131, y\u00fcn dostu sabunlar kullan\u0131l\u0131r. Kimyasal yok, zararl\u0131 kal\u0131nt\u0131 yok.<br data-start=\"1733\" data-end=\"1736\" \/>???? <strong data-start=\"1739\" data-end=\"1758\">Nazik Durulama:<\/strong> Bol ve \u0131l\u0131k suyla kal\u0131nt\u0131s\u0131z temizlik sa\u011flan\u0131r.<br data-start=\"1806\" data-end=\"1809\" \/>????\ufe0f <strong data-start=\"1813\" data-end=\"1831\">Do\u011fal Kurutma:<\/strong> G\u00f6lge, nem kontroll\u00fc ve havaland\u0131rmal\u0131 alanlarda kurutulur. G\u00fcne\u015f ve y\u00fcksek \u0131s\u0131 kullan\u0131lmaz.<br data-start=\"1924\" data-end=\"1927\" \/>???? <strong data-start=\"1930\" data-end=\"1953\">Kontrol &amp; Teslimat:<\/strong> Kuruyan battaniye hijyen ve yumu\u015fakl\u0131k a\u00e7\u0131s\u0131ndan kontrol edilip ambalajlanarak adresinize teslim edilir.<\/p>\n\t\t<\/div>\n\t\t[\/vc_column][\/vc_row][vc_row][vc_column]\n\t\t<div id=\"wd-684839bb4b18a\" class=\"title-wrapper wd-wpb wd-set-mb reset-last-child  wd-rs-684839bb4b18a wd-title-color-default wd-title-style-default text-left  wd-underline-colored\">\n\t\t\t\n\t\t\t<div class=\"liner-continer\">\n\t\t\t\t<h4 class=\"woodmart-title-container title  wd-font-weight- wd-fontsize-l\" >Neden Battaniyelerinizi Alk\u0131\u015f Hal\u0131 Y\u0131kama\u2019ya Emanet Etmelisiniz?<\/h4>\n\t\t\t\t\t\t\t<\/div>\n\t\t\t\n\t\t\t\n\t\t\t\n\t\t<\/div>\n\t\t\n\t\t\t\t<div id=\"wd-684839c44bbd5\" class=\"wd-text-block wd-wpb reset-last-child wd-rs-684839c44bbd5 text-left \">\n\t\t\t<p data-start=\"2092\" data-end=\"2390\">\u2705 <strong data-start=\"2094\" data-end=\"2137\">Battaniyelerde uzman temizlik teknikleri<\/strong><br data-start=\"2137\" data-end=\"2140\" \/>\u2705 <strong data-start=\"2142\" data-end=\"2180\">Do\u011fal sabunlarla sa\u011fl\u0131kl\u0131 temizlik<\/strong><br data-start=\"2180\" data-end=\"2183\" \/>\u2705 <strong data-start=\"2185\" data-end=\"2232\">Formunu koruyan d\u00fc\u015f\u00fck \u0131s\u0131 y\u0131kama ve kurutma<\/strong><br data-start=\"2232\" data-end=\"2235\" \/>\u2705 <strong data-start=\"2237\" data-end=\"2288\">\u0130zmit ve \u00e7evresine \u00fccretsiz al\u0131m\u2013teslim hizmeti<\/strong><br data-start=\"2288\" data-end=\"2291\" \/>\u2705 <strong data-start=\"2293\" data-end=\"2337\">Toplu battaniye y\u0131kamalarda \u00f6zel indirimler<\/strong><br data-start=\"2337\" data-end=\"2340\" \/>\u2705 <strong data-start=\"2342\" data-end=\"2390\">%100 m\u00fc\u015fteri memnuniyeti ve hijyen garantisi<\/strong><\/p>\n\t\t<\/div>\n\t\t[\/vc_column][\/vc_row][vc_row][vc_column]\n\t\t<div id=\"wd-684839d56781c\" class=\"title-wrapper wd-wpb wd-set-mb reset-last-child  wd-rs-684839d56781c wd-title-color-default wd-title-style-default text-left  wd-underline-colored\">\n\t\t\t\n\t\t\t<div class=\"liner-continer\">\n\t\t\t\t<h4 class=\"woodmart-title-container title  wd-font-weight- wd-fontsize-l\" >Battaniye Hakk\u0131nda S\u0131k Sorulan Sorular<\/h4>\n\t\t\t\t\t\t\t<\/div>\n\t\t\t\n\t\t\t\n\t\t\t\n\t\t<\/div>\n\t\t\n\t\t\t\t<div id=\"wd-684839de8bcf0\" class=\"wd-text-block wd-wpb reset-last-child wd-rs-684839de8bcf0 text-left \">\n\t\t\t<p data-start=\"3075\" data-end=\"3224\"><strong data-start=\"3075\" data-end=\"3110\">\u2753Battaniye evde y\u0131kanabilir mi?<\/strong><br data-start=\"3110\" data-end=\"3113\" \/>\u27a1Evde y\u0131kama, battaniyenin formunu ve i\u00e7 yap\u0131s\u0131n\u0131 bozar. Ayr\u0131ca kurutma sa\u011fl\u0131kl\u0131 olmaz. Profesyonel y\u0131kama \u00f6nerilir.<\/p>\n<p data-start=\"3226\" data-end=\"3351\"><strong data-start=\"3226\" data-end=\"3265\">\u2753Y\u0131kama sonras\u0131 yorgan sertle\u015fir mi?<\/strong><br data-start=\"3265\" data-end=\"3268\" \/>\u27a1Hay\u0131r. Kullan\u0131lan do\u011fal sabunlar sayesinde battaniyeniz hem temiz hem yumu\u015fac\u0131k olur.<\/p>\n<p data-start=\"3353\" data-end=\"3466\"><strong data-start=\"3353\" data-end=\"3388\">\u2753Battaniye ka\u00e7 g\u00fcnde teslim edilir?<\/strong><br data-start=\"3388\" data-end=\"3391\" \/>\u27a1Genellikle 2\u20133 i\u015f g\u00fcn\u00fc i\u00e7inde battaniyeniz temizlenmi\u015f \u015fekilde teslim edilir.<\/p>\n\t\t<\/div>\n\t\t[\/vc_column][\/vc_row][vc_row][vc_column]\n\t\t<div id=\"wd-6847e5fd976d5\" class=\"title-wrapper wd-wpb wd-set-mb reset-last-child  wd-rs-6847e5fd976d5 wd-title-color-default wd-title-style-default text-left  wd-underline-colored\">\n\t\t\t\n\t\t\t<div class=\"liner-continer\">\n\t\t\t\t<h4 class=\"woodmart-title-container title  wd-font-weight- wd-fontsize-l\" >Hangi B\u00f6lgelerdeyiz?<\/h4>\n\t\t\t\t\t\t\t<\/div>\n\t\t\t\n\t\t\t\n\t\t\t\n\t\t<\/div>\n\t\t\n\t\t\t\t<div id=\"wd-684820aa1c28f\" class=\"wd-text-block wd-wpb reset-last-child wd-rs-684820aa1c28f text-left \">\n\t\t\t<p data-start=\"3046\" data-end=\"3462\"><strong data-start=\"3046\" data-end=\"3067\">Alk\u0131\u015f Hal\u0131 Y\u0131kama<\/strong>, ba\u015fta \u0130zmit olmak \u00fczere \u015fu b\u00f6lgelerde h\u0131zl\u0131 ve profesyonel hizmet sunar:<br data-start=\"3141\" data-end=\"3144\" \/>???? \u0130zmit, Yahyakaptan, Ye\u015filova, Malta, Umuttepe, K\u00f6rfez, Yeni\u015fehir, Ba\u015fiskele, Sanayi, Kuru\u00e7e\u015fme, Plajyolu, Kad\u0131k\u00f6y, Karaba\u015f, Merkez, Ayazma, Kartepe, Alemdar, G\u00fcndo\u011fdu, 60 Evler, Yenikent, T\u00fcys\u00fczler, Orduevi, Halkevi, Bekirpa\u015fa, G\u00fcltepe, Alikahya, Ak\u00e7akoca, Tav\u015fantepe, 28 Haziran, Orhan, Turgut, Top\u00e7ular, Cedit ve \u00e7evresi.<\/p>\n\t\t<\/div>\n\t\t[\/vc_column][\/vc_row][vc_row][vc_column]\n\t\t<div id=\"wd-6847e61118107\" class=\"title-wrapper wd-wpb wd-set-mb reset-last-child  wd-rs-6847e61118107 wd-title-color-default wd-title-style-default text-left  wd-underline-colored\">\n\t\t\t\n\t\t\t<div class=\"liner-continer\">\n\t\t\t\t<h4 class=\"woodmart-title-container title  wd-font-weight- wd-fontsize-l\" >Hayal Etti\u011finiz Temizlik \u0130\u00e7in Alk\u0131\u015f Hal\u0131 Y\u0131kama<\/h4>\n\t\t\t\t\t\t\t<\/div>\n\t\t\t\n\t\t\t\n\t\t\t\n\t\t<\/div>\n\t\t\n\t\t\t\t<div id=\"wd-68483a05b8441\" class=\"wd-text-block wd-wpb reset-last-child wd-rs-68483a05b8441 text-left \">\n\t\t\t<p data-start=\"4795\" data-end=\"5036\">Kalitenin ve g\u00fcvenin adresi <strong data-start=\"4823\" data-end=\"4844\">Alk\u0131\u015f Hal\u0131 Y\u0131kama<\/strong>, <strong data-start=\"4846\" data-end=\"4878\">Kocaeli \u0130zmit battaniye y\u0131kama<\/strong> hizmetinde lider markalardan biri olman\u0131n gururunu ya\u015famaktad\u0131r. H\u0131zl\u0131, ekonomik ve g\u00fcvenilir \u00e7\u00f6z\u00fcmlerimizden faydalanmak i\u00e7in hemen bizimle ileti\u015fime ge\u00e7in!<\/p>\n<p data-start=\"4795\" data-end=\"5036\">El eme\u011fi g\u00f6z nuru hal\u0131lar\u0131n\u0131z i\u00e7in s\u0131radan \u00e7\u00f6z\u00fcmler de\u011fil, <strong data-start=\"4306\" data-end=\"4320\">\u00f6zel bak\u0131m<\/strong> sunuyoruz. <strong data-start=\"4332\" data-end=\"4384\">Temizlik, kalite ve g\u00fcveni bir arada ar\u0131yorsan\u0131z<\/strong>, Alk\u0131\u015f Hal\u0131 Y\u0131kama tam size g\u00f6re!<\/p>\n<p data-start=\"5038\" data-end=\"5169\">???? <strong data-start=\"3195\" data-end=\"3203\">Web:<\/strong> <a class=\"\" href=\"http:\/\/www.alkishaliyikama.com\" target=\"_new\" rel=\"noopener\" data-start=\"3204\" data-end=\"3227\">www.alkishaliyikama.com<\/a><\/p>\n<p data-start=\"5038\" data-end=\"5169\">???? <strong data-start=\"5041\" data-end=\"5054\">\u0130leti\u015fim:<\/strong> +90 (552) 551 41 01<br data-start=\"5074\" data-end=\"5077\" \/>???? <strong data-start=\"5080\" data-end=\"5101\">Hizmet B\u00f6lgeleri:<\/strong> \u0130zmit, Yahyakaptan, K\u00f6rfez, Umuttepe, Derince, Ye\u015filova ve \u00e7evresi.<\/p>\n\t\t<\/div>\n\t\t[\/vc_column][\/vc_row][vc_row][vc_column]\n\t\t<div id=\"wd-6847e64bd5dee\" class=\"title-wrapper wd-wpb wd-set-mb reset-last-child  wd-rs-6847e64bd5dee wd-title-color-default wd-title-style-default text-left  wd-underline-colored\">\n\t\t\t\n\t\t\t<div class=\"liner-continer\">\n\t\t\t\t<h4 class=\"woodmart-title-container title  wd-font-weight- wd-fontsize-l\" >Temizlikte \u00d6zel Kaliteyi Alk\u0131\u015flay\u0131n!<\/h4>\n\t\t\t\t\t\t\t<\/div>\n\t\t\t\n\t\t\t\n\t\t\t\n\t\t<\/div>\n\t\t\n\t\t\t\t<div id=\"wd-6847e655a18f5\" class=\"wd-text-block wd-wpb reset-last-child wd-rs-6847e655a18f5 text-left \">\n\t\t\t<p data-start=\"3801\" data-end=\"3998\">Hijyenin ve g\u00fcvenin simgesi olan <strong data-start=\"3834\" data-end=\"3855\">Alk\u0131\u015f Hal\u0131 Y\u0131kama<\/strong>, hal\u0131lar\u0131n\u0131z i\u00e7in en ideal temizlik \u00e7\u00f6z\u00fcm\u00fcn\u00fc sunar. Hemen \u015fimdi bizimle ileti\u015fime ge\u00e7in, hal\u0131lar\u0131n\u0131z\u0131 tertemiz teslim alman\u0131n keyfini ya\u015fay\u0131n!<\/p>\n\t\t<\/div>\n\t\t[\/vc_column][\/vc_row][\/vc_section]<\/p>\n<\/div>","protected":false},"excerpt":{"rendered":"<p>[vc_section woodmart_css_id=&#8221;68581c359c5ea&#8221; responsive_spacing=&#8221;eyJwYXJhbV90eXBlIjoid29vZG1hcnRfcmVzcG9uc2l2ZV9zcGFjaW5nIiwic2VsZWN0b3JfaWQiOiI2ODU4MWMzNTljNWVhIiwic2hvcnRjb2RlIjoidmNfc2VjdGlvbiIsImRhdGEiOnsidGFibGV0Ijp7fSwibW9iaWxlIjp7fX19&#8243; mobile_bg_img_hidden=&#8221;no&#8221; tablet_bg_img_hidden=&#8221;no&#8221; woodmart_parallax=&#8221;0&#8243; woodmart_gradient_switch=&#8221;no&#8221; woodmart_box_shadow=&#8221;no&#8221; wd_z_index=&#8221;no&#8221; woodmart_disable_overflow=&#8221;0&#8243;][vc_row][vc_column width=&#8221;1\/2&#8243;][\/vc_column][vc_column width=&#8221;1\/2&#8243;][\/vc_column][\/vc_row][vc_row][vc_column][\/vc_column][\/vc_row][vc_row][vc_column][\/vc_column][\/vc_row][vc_row][vc_column][\/vc_column][\/vc_row][vc_row][vc_column][\/vc_column][\/vc_row][vc_row][vc_column][\/vc_column][\/vc_row][vc_row][vc_column][\/vc_column][\/vc_row][vc_row][vc_column][\/vc_column][\/vc_row][\/vc_section]<\/p>\n","protected":false},"author":1,"featured_media":0,"parent":9504,"menu_order":0,"comment_status":"closed","ping_status":"closed","template":"","meta":{"footnotes":""},"class_list":["post-9557","page","type-page","status-publish","hentry"],"_links":{"self":[{"href":"https:\/\/www.alkishaliyikama.com\/index.php\/wp-json\/wp\/v2\/pages\/9557","targetHints":{"allow":["GET"]}}],"collection":[{"href":"https:\/\/www.alkishaliyikama.com\/index.php\/wp-json\/wp\/v2\/pages"}],"about":[{"href":"https:\/\/www.alkishaliyikama.com\/index.php\/wp-json\/wp\/v2\/types\/page"}],"author":[{"embeddable":true,"href":"https:\/\/www.alkishaliyikama.com\/index.php\/wp-json\/wp\/v2\/users\/1"}],"replies":[{"embeddable":true,"href":"https:\/\/www.alkishaliyikama.com\/index.php\/wp-json\/wp\/v2\/comments?post=9557"}],"version-history":[{"count":2,"href":"https:\/\/www.alkishaliyikama.com\/index.php\/wp-json\/wp\/v2\/pages\/9557\/revisions"}],"predecessor-version":[{"id":9673,"href":"https:\/\/www.alkishaliyikama.com\/index.php\/wp-json\/wp\/v2\/pages\/9557\/revisions\/9673"}],"up":[{"embeddable":true,"href":"https:\/\/www.alkishaliyikama.com\/index.php\/wp-json\/wp\/v2\/pages\/9504"}],"wp:attachment":[{"href":"https:\/\/www.alkishaliyikama.com\/index.php\/wp-json\/wp\/v2\/media?parent=9557"}],"curies":[{"name":"wp","href":"https:\/\/api.w.org\/{rel}","templated":true}]}}