{"id":9555,"date":"2025-06-10T16:54:21","date_gmt":"2025-06-10T13:54:21","guid":{"rendered":"https:\/\/www.alkishaliyikama.com\/?page_id=9555"},"modified":"2025-06-22T18:08:36","modified_gmt":"2025-06-22T15:08:36","slug":"yastik-yikama","status":"publish","type":"page","link":"https:\/\/www.alkishaliyikama.com\/index.php\/hizmetlerimiz\/yastik-yikama\/","title":{"rendered":"Yast\u0131k Y\u0131kama"},"content":{"rendered":"<div class=\"wpb-content-wrapper\"><p>[vc_section woodmart_css_id=&#8221;68581c6d39cb9&#8243; responsive_spacing=&#8221;eyJwYXJhbV90eXBlIjoid29vZG1hcnRfcmVzcG9uc2l2ZV9zcGFjaW5nIiwic2VsZWN0b3JfaWQiOiI2ODU4MWM2ZDM5Y2I5Iiwic2hvcnRjb2RlIjoidmNfc2VjdGlvbiIsImRhdGEiOnsidGFibGV0Ijp7fSwibW9iaWxlIjp7fX19&#8243; mobile_bg_img_hidden=&#8221;no&#8221; tablet_bg_img_hidden=&#8221;no&#8221; woodmart_parallax=&#8221;0&#8243; woodmart_gradient_switch=&#8221;no&#8221; woodmart_box_shadow=&#8221;no&#8221; wd_z_index=&#8221;no&#8221; woodmart_disable_overflow=&#8221;0&#8243;][vc_row][vc_column width=&#8221;1\/2&#8243;]\n\t\t<div id=\"wd-6848386a41aa5\" class=\"title-wrapper wd-wpb wd-set-mb reset-last-child  wd-rs-6848386a41aa5 wd-title-color-default wd-title-style-default text-left  wd-underline-colored\">\n\t\t\t\t\t\t\t\n\t\t\t\t<div class=\"title-subtitle  subtitle-color-default font-alt subtitle-style-default wd-font-weight- wd-fontsize-xs\">Alk\u0131\u015f Temizlik ve Hal\u0131 Y\u0131kama Fabrikas\u0131<\/div>\n\t\t\t\n\t\t\t<div class=\"liner-continer\">\n\t\t\t\t<h4 class=\"woodmart-title-container title  wd-font-weight- wd-fontsize-l\" >Yast\u0131k Y\u0131kama Hizmetinde Hijyenik ve Sa\u011fl\u0131kl\u0131 \u00c7\u00f6z\u00fcm: Alk\u0131\u015f Hal\u0131 Y\u0131kama ile Temiz Uykuya Merhaba Deyin<\/h4>\n\t\t\t\t\t\t\t<\/div>\n\t\t\t\n\t\t\t\n\t\t\t\n\t\t<\/div>\n\t\t\n\t\t\t\t<div id=\"wd-684838782440d\" class=\"wd-text-block wd-wpb reset-last-child wd-rs-684838782440d text-left \">\n\t\t\t<p data-start=\"464\" data-end=\"743\">Yast\u0131klar, her gece cildinizle temas eden, v\u00fccut ya\u011f\u0131, ter, toz akarlar\u0131 ve bakterilerle dolan en \u00f6nemli ev tekstili \u00fcr\u00fcnlerinden biridir. G\u00f6r\u00fcn\u00fcrde temiz olsalar da, d\u00fczenli olarak <strong data-start=\"646\" data-end=\"675\">profesyonel yast\u0131k y\u0131kama<\/strong> i\u015flemi yap\u0131lmad\u0131\u011f\u0131nda sa\u011fl\u0131k a\u00e7\u0131s\u0131ndan ciddi riskler olu\u015fturabilir.<\/p>\n<p data-start=\"745\" data-end=\"903\"><strong data-start=\"745\" data-end=\"766\">Alk\u0131\u015f Hal\u0131 Y\u0131kama<\/strong>, <strong data-start=\"768\" data-end=\"813\">\u0130zmit ve \u00e7evresinde yast\u0131k y\u0131kama hizmeti<\/strong> sunarak, yast\u0131klar\u0131n\u0131z\u0131 derinlemesine temizler, hijyenik ve ferah bir uyku ortam\u0131 sa\u011flar.<\/p>\n\t\t<\/div>\n\t\t[\/vc_column][vc_column width=&#8221;1\/2&#8243;]\t\t<div id=\"wd-68483841a0732\" class=\"wd-image wd-wpb wd-rs-68483841a0732 text-right \">\n\t\t\t\n\t\t\t<img loading=\"lazy\" decoding=\"async\" width=\"400\" height=\"267\" src=\"https:\/\/www.alkishaliyikama.com\/wp-content\/uploads\/2025\/06\/Yastik-Yikama-Hizmeti-Kocaeli-Izmit-Korfez-Malta-Yesilova-Umuttepe-Alkis-Hali-Yikamada.jpg\" class=\"attachment-medium size-medium\" alt=\"Yast\u0131k Y\u0131kama Hizmeti Kocaeli \u0130zmit K\u00f6rfez Malta Ye\u015filova Umuttepe Alk\u0131\u015f Hal\u0131 Y\u0131kama&#039;da!\" \/>\n\t\t\t\t\t<\/div>\n\t\t[\/vc_column][\/vc_row][vc_row][vc_column]\n\t\t<div id=\"wd-6848388764842\" class=\"title-wrapper wd-wpb wd-set-mb reset-last-child  wd-rs-6848388764842 wd-title-color-default wd-title-style-default text-left  wd-underline-colored\">\n\t\t\t\n\t\t\t<div class=\"liner-continer\">\n\t\t\t\t<h4 class=\"woodmart-title-container title  wd-font-weight- wd-fontsize-l\" >Yast\u0131klar Neden \u00d6zel Y\u0131kama \u0130ster?<\/h4>\n\t\t\t\t\t\t\t<\/div>\n\t\t\t\n\t\t\t\n\t\t\t\n\t\t<\/div>\n\t\t\n\t\t\t\t<div id=\"wd-6848389174add\" class=\"wd-text-block wd-wpb reset-last-child wd-rs-6848389174add text-left \">\n\t\t\t<p data-start=\"959\" data-end=\"984\">Evde yap\u0131lan y\u0131kamalarda:<\/p>\n<p data-start=\"986\" data-end=\"1216\">???? Yast\u0131\u011f\u0131n i\u00e7 dolgu yap\u0131s\u0131 bozulabilir<br data-start=\"1025\" data-end=\"1028\" \/>???? Kuruma s\u0131ras\u0131nda k\u00fcf ve k\u00f6t\u00fc koku olu\u015fabilir<br data-start=\"1075\" data-end=\"1078\" \/>???? Y\u00fczeydeki kirlilik temizlense de i\u00e7 dolgu hijyenik olmayabilir<br data-start=\"1143\" data-end=\"1146\" \/>???? Alerjenler, bakteriler ve toz akarlar\u0131 tam olarak temizlenmeyebilir<\/p>\n<p data-start=\"1218\" data-end=\"1336\">Bu nedenle <strong data-start=\"1229\" data-end=\"1249\">yast\u0131k temizli\u011fi<\/strong>, profesyonel makineler, do\u011fru deterjanlar ve uygun kurutma teknikleriyle yap\u0131lmal\u0131d\u0131r.<\/p>\n\t\t<\/div>\n\t\t[\/vc_column][\/vc_row][vc_row][vc_column]\n\t\t<div id=\"wd-6848389c2b096\" class=\"title-wrapper wd-wpb wd-set-mb reset-last-child  wd-rs-6848389c2b096 wd-title-color-default wd-title-style-default text-left  wd-underline-colored\">\n\t\t\t\n\t\t\t<div class=\"liner-continer\">\n\t\t\t\t<h4 class=\"woodmart-title-container title  wd-font-weight- wd-fontsize-l\" >Alk\u0131\u015f Hal\u0131 Y\u0131kama\u2019da Yast\u0131k Nas\u0131l Y\u0131kan\u0131r?<\/h4>\n\t\t\t\t\t\t\t<\/div>\n\t\t\t\n\t\t\t\n\t\t\t\n\t\t<\/div>\n\t\t\n\t\t\t\t<div id=\"wd-684838abf3d39\" class=\"wd-text-block wd-wpb reset-last-child wd-rs-684838abf3d39 text-left \">\n\t\t\t<p data-start=\"1526\" data-end=\"1589\">???? <strong data-start=\"1401\" data-end=\"1416\">\u00d6n Kontrol:<\/strong> Yast\u0131\u011f\u0131n dolgu t\u00fcr\u00fc (elyaf, y\u00fcn, pamuk, kaz t\u00fcy\u00fc, silikon vb.) belirlenir.<br data-start=\"1491\" data-end=\"1494\" \/>???? <strong data-start=\"1497\" data-end=\"1519\">Alerjen Temizli\u011fi:<\/strong> \u00d6zel antibakteriyel \u015fampuanlarla derinlemesine temizlik sa\u011flan\u0131r.<br data-start=\"1585\" data-end=\"1588\" \/>???? <strong data-start=\"1591\" data-end=\"1604\">Durulama:<\/strong> T\u00fcm kal\u0131nt\u0131lar, bol su ile tamamen ar\u0131nd\u0131r\u0131l\u0131r.<br data-start=\"1652\" data-end=\"1655\" \/>????\ufe0f <strong data-start=\"1659\" data-end=\"1684\">Y\u00fcksek Devirli S\u0131kma:<\/strong> Yast\u0131\u011f\u0131n i\u00e7 dolgusunun formu korunarak fazla su al\u0131n\u0131r.<br data-start=\"1740\" data-end=\"1743\" \/>???? <strong data-start=\"1746\" data-end=\"1767\">Hijyenik Kurutma:<\/strong> Nem ve koku kalmamas\u0131 i\u00e7in \u00f6zel kurutma odalar\u0131nda d\u00fc\u015f\u00fck \u0131s\u0131da kurutulur.<br data-start=\"1841\" data-end=\"1844\" \/>???? <strong data-start=\"1847\" data-end=\"1871\">Kontrol &amp; Paketleme:<\/strong> Son kontrol yap\u0131larak yast\u0131klar \u00f6zel olarak paketlenir ve adrese teslim edilir.<\/p>\n\t\t<\/div>\n\t\t[\/vc_column][\/vc_row][vc_row][vc_column]\n\t\t<div id=\"wd-684838c0293b6\" class=\"title-wrapper wd-wpb wd-set-mb reset-last-child  wd-rs-684838c0293b6 wd-title-color-default wd-title-style-default text-left  wd-underline-colored\">\n\t\t\t\n\t\t\t<div class=\"liner-continer\">\n\t\t\t\t<h4 class=\"woodmart-title-container title  wd-font-weight- wd-fontsize-l\" >Neden Yast\u0131klar\u0131n\u0131z\u0131 Alk\u0131\u015f Hal\u0131 Y\u0131kama\u2019ya Emanet Etmelisiniz?<\/h4>\n\t\t\t\t\t\t\t<\/div>\n\t\t\t\n\t\t\t\n\t\t\t\n\t\t<\/div>\n\t\t\n\t\t\t\t<div id=\"wd-684838bb8dc30\" class=\"wd-text-block wd-wpb reset-last-child wd-rs-684838bb8dc30 text-left \">\n\t\t\t<p data-start=\"1988\" data-end=\"2246\">\u2705 <strong data-start=\"1990\" data-end=\"2031\">Her yast\u0131k t\u00fcr\u00fcne \u00f6zel y\u0131kama y\u00f6ntemi<\/strong><br data-start=\"2031\" data-end=\"2034\" \/>\u2705 <strong data-start=\"2036\" data-end=\"2081\">Alerji kar\u015f\u0131t\u0131 ve do\u011fal temizlik \u00fcr\u00fcnleri<\/strong><br data-start=\"2081\" data-end=\"2084\" \/>\u2705 <strong data-start=\"2086\" data-end=\"2135\">Y\u00fcksek s\u0131cakl\u0131kta hijyenik kurutma sistemleri<\/strong><br data-start=\"2135\" data-end=\"2138\" \/>\u2705 <strong data-start=\"2140\" data-end=\"2193\">\u0130zmit ve \u00e7evresine \u00fccretsiz al\u0131m \u2013 teslim hizmeti<\/strong><br data-start=\"2193\" data-end=\"2196\" \/>\u2705 <strong data-start=\"2198\" data-end=\"2246\">%100 m\u00fc\u015fteri memnuniyeti ve garantili hizmet<\/strong><\/p>\n\t\t<\/div>\n\t\t[\/vc_column][\/vc_row][vc_row][vc_column]\n\t\t<div id=\"wd-684837fe709f5\" class=\"title-wrapper wd-wpb wd-set-mb reset-last-child  wd-rs-684837fe709f5 wd-title-color-default wd-title-style-default text-left  wd-underline-colored\">\n\t\t\t\n\t\t\t<div class=\"liner-continer\">\n\t\t\t\t<h4 class=\"woodmart-title-container title  wd-font-weight- wd-fontsize-l\" >Kilim Hal\u0131 Y\u0131kama Hakk\u0131nda S\u0131k Sorulan Sorular<\/h4>\n\t\t\t\t\t\t\t<\/div>\n\t\t\t\n\t\t\t\n\t\t\t\n\t\t<\/div>\n\t\t\n\t\t\t\t<div id=\"wd-684838d29990a\" class=\"wd-text-block wd-wpb reset-last-child wd-rs-684838d29990a text-left \">\n\t\t\t<p data-start=\"2931\" data-end=\"3114\"><strong data-start=\"2931\" data-end=\"2960\">\u2753Yast\u0131k evde y\u0131kanamaz m\u0131?<\/strong><br data-start=\"2960\" data-end=\"2963\" \/>\u27a1Ev tipi makineler dolgu malzemesini s\u0131k\u0131\u015ft\u0131rabilir veya topaklanma yapabilir. Kurutma s\u00fcreci de genellikle yetersiz kal\u0131r. Profesyonel y\u0131kama \u00f6nerilir.<\/p>\n<p data-start=\"3116\" data-end=\"3255\"><strong data-start=\"3116\" data-end=\"3153\">\u2753Ka\u00e7 ayda bir yast\u0131k y\u0131katmal\u0131y\u0131m?<\/strong><br data-start=\"3153\" data-end=\"3156\" \/>\u27a1Ortalama olarak 3\u20136 ayda bir yast\u0131klar y\u0131kanmal\u0131d\u0131r. Alerjisi olan bireyler i\u00e7in daha s\u0131k \u00f6nerilir.<\/p>\n<p data-start=\"3257\" data-end=\"3377\"><strong data-start=\"3257\" data-end=\"3288\">\u2753Kaz t\u00fcy\u00fc yast\u0131k y\u0131kan\u0131r m\u0131?<\/strong><br data-start=\"3288\" data-end=\"3291\" \/>\u27a1Evet. \u00d6zel tekniklerle, t\u00fcy yap\u0131s\u0131na zarar vermeden temizlenir ve do\u011fal formu korunur.<\/p>\n\t\t<\/div>\n\t\t[\/vc_column][\/vc_row][vc_row][vc_column]\n\t\t<div id=\"wd-6847e5fd976d5\" class=\"title-wrapper wd-wpb wd-set-mb reset-last-child  wd-rs-6847e5fd976d5 wd-title-color-default wd-title-style-default text-left  wd-underline-colored\">\n\t\t\t\n\t\t\t<div class=\"liner-continer\">\n\t\t\t\t<h4 class=\"woodmart-title-container title  wd-font-weight- wd-fontsize-l\" >Hangi B\u00f6lgelerdeyiz?<\/h4>\n\t\t\t\t\t\t\t<\/div>\n\t\t\t\n\t\t\t\n\t\t\t\n\t\t<\/div>\n\t\t\n\t\t\t\t<div id=\"wd-684820aa1c28f\" class=\"wd-text-block wd-wpb reset-last-child wd-rs-684820aa1c28f text-left \">\n\t\t\t<p data-start=\"3046\" data-end=\"3462\"><strong data-start=\"3046\" data-end=\"3067\">Alk\u0131\u015f Hal\u0131 Y\u0131kama<\/strong>, ba\u015fta \u0130zmit olmak \u00fczere \u015fu b\u00f6lgelerde h\u0131zl\u0131 ve profesyonel hizmet sunar:<br data-start=\"3141\" data-end=\"3144\" \/>???? \u0130zmit, Yahyakaptan, Ye\u015filova, Malta, Umuttepe, K\u00f6rfez, Yeni\u015fehir, Ba\u015fiskele, Sanayi, Kuru\u00e7e\u015fme, Plajyolu, Kad\u0131k\u00f6y, Karaba\u015f, Merkez, Ayazma, Kartepe, Alemdar, G\u00fcndo\u011fdu, 60 Evler, Yenikent, T\u00fcys\u00fczler, Orduevi, Halkevi, Bekirpa\u015fa, G\u00fcltepe, Alikahya, Ak\u00e7akoca, Tav\u015fantepe, 28 Haziran, Orhan, Turgut, Top\u00e7ular, Cedit ve \u00e7evresi.<\/p>\n\t\t<\/div>\n\t\t[\/vc_column][\/vc_row][vc_row][vc_column]\n\t\t<div id=\"wd-6847e61118107\" class=\"title-wrapper wd-wpb wd-set-mb reset-last-child  wd-rs-6847e61118107 wd-title-color-default wd-title-style-default text-left  wd-underline-colored\">\n\t\t\t\n\t\t\t<div class=\"liner-continer\">\n\t\t\t\t<h4 class=\"woodmart-title-container title  wd-font-weight- wd-fontsize-l\" >Hayal Etti\u011finiz Temizlik \u0130\u00e7in Alk\u0131\u015f Hal\u0131 Y\u0131kama<\/h4>\n\t\t\t\t\t\t\t<\/div>\n\t\t\t\n\t\t\t\n\t\t\t\n\t\t<\/div>\n\t\t\n\t\t\t\t<div id=\"wd-684838f16abbc\" class=\"wd-text-block wd-wpb reset-last-child wd-rs-684838f16abbc text-left \">\n\t\t\t<p data-start=\"4795\" data-end=\"5036\">Kalitenin ve g\u00fcvenin adresi <strong data-start=\"4823\" data-end=\"4844\">Alk\u0131\u015f Hal\u0131 Y\u0131kama<\/strong>, <strong data-start=\"4846\" data-end=\"4878\">Kocaeli \u0130zmit yast\u0131k y\u0131kama<\/strong> hizmetinde lider markalardan biri olman\u0131n gururunu ya\u015famaktad\u0131r. H\u0131zl\u0131, ekonomik ve g\u00fcvenilir \u00e7\u00f6z\u00fcmlerimizden faydalanmak i\u00e7in hemen bizimle ileti\u015fime ge\u00e7in!<\/p>\n<p data-start=\"4795\" data-end=\"5036\">El eme\u011fi g\u00f6z nuru hal\u0131lar\u0131n\u0131z i\u00e7in s\u0131radan \u00e7\u00f6z\u00fcmler de\u011fil, <strong data-start=\"4306\" data-end=\"4320\">\u00f6zel bak\u0131m<\/strong> sunuyoruz. <strong data-start=\"4332\" data-end=\"4384\">Temizlik, kalite ve g\u00fcveni bir arada ar\u0131yorsan\u0131z<\/strong>, Alk\u0131\u015f Hal\u0131 Y\u0131kama tam size g\u00f6re!<\/p>\n<p data-start=\"5038\" data-end=\"5169\">???? <strong data-start=\"3195\" data-end=\"3203\">Web:<\/strong> <a class=\"\" href=\"http:\/\/www.alkishaliyikama.com\" target=\"_new\" rel=\"noopener\" data-start=\"3204\" data-end=\"3227\">www.alkishaliyikama.com<\/a><\/p>\n<p data-start=\"5038\" data-end=\"5169\">???? <strong data-start=\"5041\" data-end=\"5054\">\u0130leti\u015fim:<\/strong> +90 (552) 551 41 01<br data-start=\"5074\" data-end=\"5077\" \/>???? <strong data-start=\"5080\" data-end=\"5101\">Hizmet B\u00f6lgeleri:<\/strong> \u0130zmit, Yahyakaptan, K\u00f6rfez, Umuttepe, Derince, Ye\u015filova ve \u00e7evresi.<\/p>\n\t\t<\/div>\n\t\t[\/vc_column][\/vc_row][vc_row][vc_column]\n\t\t<div id=\"wd-6847e64bd5dee\" class=\"title-wrapper wd-wpb wd-set-mb reset-last-child  wd-rs-6847e64bd5dee wd-title-color-default wd-title-style-default text-left  wd-underline-colored\">\n\t\t\t\n\t\t\t<div class=\"liner-continer\">\n\t\t\t\t<h4 class=\"woodmart-title-container title  wd-font-weight- wd-fontsize-l\" >Temizlikte \u00d6zel Kaliteyi Alk\u0131\u015flay\u0131n!<\/h4>\n\t\t\t\t\t\t\t<\/div>\n\t\t\t\n\t\t\t\n\t\t\t\n\t\t<\/div>\n\t\t\n\t\t\t\t<div id=\"wd-6847e655a18f5\" class=\"wd-text-block wd-wpb reset-last-child wd-rs-6847e655a18f5 text-left \">\n\t\t\t<p data-start=\"3801\" data-end=\"3998\">Hijyenin ve g\u00fcvenin simgesi olan <strong data-start=\"3834\" data-end=\"3855\">Alk\u0131\u015f Hal\u0131 Y\u0131kama<\/strong>, hal\u0131lar\u0131n\u0131z i\u00e7in en ideal temizlik \u00e7\u00f6z\u00fcm\u00fcn\u00fc sunar. Hemen \u015fimdi bizimle ileti\u015fime ge\u00e7in, hal\u0131lar\u0131n\u0131z\u0131 tertemiz teslim alman\u0131n keyfini ya\u015fay\u0131n!<\/p>\n\t\t<\/div>\n\t\t[\/vc_column][\/vc_row][\/vc_section]<\/p>\n<\/div>","protected":false},"excerpt":{"rendered":"<p>[vc_section woodmart_css_id=&#8221;68581c6d39cb9&#8243; responsive_spacing=&#8221;eyJwYXJhbV90eXBlIjoid29vZG1hcnRfcmVzcG9uc2l2ZV9zcGFjaW5nIiwic2VsZWN0b3JfaWQiOiI2ODU4MWM2ZDM5Y2I5Iiwic2hvcnRjb2RlIjoidmNfc2VjdGlvbiIsImRhdGEiOnsidGFibGV0Ijp7fSwibW9iaWxlIjp7fX19&#8243; mobile_bg_img_hidden=&#8221;no&#8221; tablet_bg_img_hidden=&#8221;no&#8221; woodmart_parallax=&#8221;0&#8243; woodmart_gradient_switch=&#8221;no&#8221; woodmart_box_shadow=&#8221;no&#8221; wd_z_index=&#8221;no&#8221; woodmart_disable_overflow=&#8221;0&#8243;][vc_row][vc_column width=&#8221;1\/2&#8243;][\/vc_column][vc_column width=&#8221;1\/2&#8243;][\/vc_column][\/vc_row][vc_row][vc_column][\/vc_column][\/vc_row][vc_row][vc_column][\/vc_column][\/vc_row][vc_row][vc_column][\/vc_column][\/vc_row][vc_row][vc_column][\/vc_column][\/vc_row][vc_row][vc_column][\/vc_column][\/vc_row][vc_row][vc_column][\/vc_column][\/vc_row][vc_row][vc_column][\/vc_column][\/vc_row][\/vc_section]<\/p>\n","protected":false},"author":1,"featured_media":0,"parent":9504,"menu_order":0,"comment_status":"closed","ping_status":"closed","template":"","meta":{"footnotes":""},"class_list":["post-9555","page","type-page","status-publish","hentry"],"_links":{"self":[{"href":"https:\/\/www.alkishaliyikama.com\/index.php\/wp-json\/wp\/v2\/pages\/9555","targetHints":{"allow":["GET"]}}],"collection":[{"href":"https:\/\/www.alkishaliyikama.com\/index.php\/wp-json\/wp\/v2\/pages"}],"about":[{"href":"https:\/\/www.alkishaliyikama.com\/index.php\/wp-json\/wp\/v2\/types\/page"}],"author":[{"embeddable":true,"href":"https:\/\/www.alkishaliyikama.com\/index.php\/wp-json\/wp\/v2\/users\/1"}],"replies":[{"embeddable":true,"href":"https:\/\/www.alkishaliyikama.com\/index.php\/wp-json\/wp\/v2\/comments?post=9555"}],"version-history":[{"count":2,"href":"https:\/\/www.alkishaliyikama.com\/index.php\/wp-json\/wp\/v2\/pages\/9555\/revisions"}],"predecessor-version":[{"id":9676,"href":"https:\/\/www.alkishaliyikama.com\/index.php\/wp-json\/wp\/v2\/pages\/9555\/revisions\/9676"}],"up":[{"embeddable":true,"href":"https:\/\/www.alkishaliyikama.com\/index.php\/wp-json\/wp\/v2\/pages\/9504"}],"wp:attachment":[{"href":"https:\/\/www.alkishaliyikama.com\/index.php\/wp-json\/wp\/v2\/media?parent=9555"}],"curies":[{"name":"wp","href":"https:\/\/api.w.org\/{rel}","templated":true}]}}