{"id":9543,"date":"2025-06-10T16:33:18","date_gmt":"2025-06-10T13:33:18","guid":{"rendered":"https:\/\/www.alkishaliyikama.com\/?page_id=9543"},"modified":"2025-06-22T18:11:28","modified_gmt":"2025-06-22T15:11:28","slug":"baski-hali-yikama","status":"publish","type":"page","link":"https:\/\/www.alkishaliyikama.com\/index.php\/hizmetlerimiz\/baski-hali-yikama\/","title":{"rendered":"Bask\u0131 Hal\u0131 Y\u0131kama"},"content":{"rendered":"<div class=\"wpb-content-wrapper\"><p>[vc_section woodmart_css_id=&#8221;68581d1d6dcdb&#8221; responsive_spacing=&#8221;eyJwYXJhbV90eXBlIjoid29vZG1hcnRfcmVzcG9uc2l2ZV9zcGFjaW5nIiwic2VsZWN0b3JfaWQiOiI2ODU4MWQxZDZkY2RiIiwic2hvcnRjb2RlIjoidmNfc2VjdGlvbiIsImRhdGEiOnsidGFibGV0Ijp7fSwibW9iaWxlIjp7fX19&#8243; mobile_bg_img_hidden=&#8221;no&#8221; tablet_bg_img_hidden=&#8221;no&#8221; woodmart_parallax=&#8221;0&#8243; woodmart_gradient_switch=&#8221;no&#8221; woodmart_box_shadow=&#8221;no&#8221; wd_z_index=&#8221;no&#8221; woodmart_disable_overflow=&#8221;0&#8243;][vc_row][vc_column width=&#8221;1\/2&#8243;]\n\t\t<div id=\"wd-684833185a8cb\" class=\"title-wrapper wd-wpb wd-set-mb reset-last-child  wd-rs-684833185a8cb wd-title-color-default wd-title-style-default text-left  wd-underline-colored\">\n\t\t\t\t\t\t\t\n\t\t\t\t<div class=\"title-subtitle  subtitle-color-default font-alt subtitle-style-default wd-font-weight- wd-fontsize-xs\">Alk\u0131\u015f Temizlik ve Hal\u0131 Y\u0131kama Fabrikas\u0131<\/div>\n\t\t\t\n\t\t\t<div class=\"liner-continer\">\n\t\t\t\t<h4 class=\"woodmart-title-container title  wd-font-weight- wd-fontsize-l\" >Bask\u0131 Hal\u0131 Y\u0131kama Hizmeti | Alk\u0131\u015f Hal\u0131 Y\u0131kama ile Renklerin Canl\u0131l\u0131\u011f\u0131n\u0131 Koruyun!<\/h4>\n\t\t\t\t\t\t\t<\/div>\n\t\t\t\n\t\t\t\n\t\t\t\n\t\t<\/div>\n\t\t\n\t\t\t\t<div id=\"wd-68483388bac8e\" class=\"wd-text-block wd-wpb reset-last-child wd-rs-68483388bac8e text-left \">\n\t\t\t<p class=\"ds-markdown-paragraph\">Bask\u0131 hal\u0131lar, modern dekorasyonlara renk ve karakter katan \u00f6zel tasar\u0131m \u00fcr\u00fcnleridir. Ancak bu hal\u0131lar\u0131n temizli\u011fi\u00a0<strong>yanl\u0131\u015f y\u00f6ntemlerle<\/strong>\u00a0yap\u0131ld\u0131\u011f\u0131nda,\u00a0<strong>renk solmas\u0131na<\/strong>,\u00a0<strong>desen bozulmas\u0131na<\/strong>\u00a0ve\u00a0<strong>kuma\u015f yap\u0131s\u0131n\u0131n zarar g\u00f6rmesine<\/strong>\u00a0neden olabilir.<\/p>\n<p class=\"ds-markdown-paragraph\"><strong>Alk\u0131\u015f Hal\u0131 Y\u0131kama<\/strong>\u00a0olarak,\u00a0<strong>\u0130zmit ve Kocaeli&#8217;nin t\u00fcm il\u00e7elerinde<\/strong>\u00a0bask\u0131 hal\u0131 y\u0131kama konusunda uzmanla\u015fm\u0131\u015f ekibimizle hizmet veriyoruz. Hal\u0131lar\u0131n\u0131z\u0131n\u00a0<strong>orijinal renk ve desenlerini koruyarak<\/strong>, derinlemesine temizlik sa\u011fl\u0131yoruz!<\/p>\n\t\t<\/div>\n\t\t[\/vc_column][vc_column width=&#8221;1\/2&#8243;]\t\t<div id=\"wd-684832f6b27d0\" class=\"wd-image wd-wpb wd-rs-684832f6b27d0 text-right \">\n\t\t\t\n\t\t\t<img loading=\"lazy\" decoding=\"async\" width=\"370\" height=\"300\" src=\"https:\/\/www.alkishaliyikama.com\/wp-content\/uploads\/2025\/06\/Baski-Hali-Yikama-Hizmeti-Kocaeli-Izmit-Korfez-Malta-Yesilova-Umuttepe-Alkis-Hali-Yikamada.png\" class=\"attachment-medium size-medium\" alt=\"Bask\u0131 Hal\u0131 Y\u0131kama Hizmeti Kocaeli \u0130zmit K\u00f6rfez Malta Ye\u015filova Umuttepe Alk\u0131\u015f Hal\u0131 Y\u0131kama&#039;da!\" \/>\n\t\t\t\t\t<\/div>\n\t\t[\/vc_column][\/vc_row][vc_row][vc_column]\n\t\t<div id=\"wd-6848339e007c8\" class=\"title-wrapper wd-wpb wd-set-mb reset-last-child  wd-rs-6848339e007c8 wd-title-color-default wd-title-style-default text-left  wd-underline-colored\">\n\t\t\t\n\t\t\t<div class=\"liner-continer\">\n\t\t\t\t<h4 class=\"woodmart-title-container title  wd-font-weight- wd-fontsize-l\" >Bask\u0131 Hal\u0131lar Neden \u00d6zel Bak\u0131m \u0130ster?<\/h4>\n\t\t\t\t\t\t\t<\/div>\n\t\t\t\n\t\t\t\n\t\t\t\n\t\t<\/div>\n\t\t\n\t\t\t\t<div id=\"wd-684833976711d\" class=\"wd-text-block wd-wpb reset-last-child wd-rs-684833976711d text-left \">\n\t\t\t<p class=\"ds-markdown-paragraph\">\u2714\u00a0<strong>Bask\u0131 teknolojisi<\/strong>\u00a0y\u00fcksek s\u0131cakl\u0131\u011fa dayan\u0131ks\u0131zd\u0131r<br \/>\n\u2714\u00a0<strong>Kimyasallar<\/strong>\u00a0renk pigmentlerini \u00e7\u00f6zebilir<br \/>\n\u2714\u00a0<strong>Sert f\u0131r\u00e7alama<\/strong>\u00a0desenleri bozabilir<br \/>\n\u2714\u00a0<strong>Yanl\u0131\u015f kurutma<\/strong>\u00a0hal\u0131da \u00e7ekme yapabilir<\/p>\n<p class=\"ds-markdown-paragraph\"><strong>\u00c7\u00f6z\u00fcm:<\/strong>\u00a0Profesyonel bask\u0131 hal\u0131 y\u0131kama ile\u00a0<strong>desenlerinizi ve renklerinizi koruyun!<\/strong><\/p>\n\t\t<\/div>\n\t\t[\/vc_column][\/vc_row][vc_row][vc_column]\n\t\t<div id=\"wd-684833c73f907\" class=\"title-wrapper wd-wpb wd-set-mb reset-last-child  wd-rs-684833c73f907 wd-title-color-default wd-title-style-default text-left  wd-underline-colored\">\n\t\t\t\n\t\t\t<div class=\"liner-continer\">\n\t\t\t\t<h4 class=\"woodmart-title-container title  wd-font-weight- wd-fontsize-l\" >Alk\u0131\u015f Hal\u0131 Y\u0131kama\u2019da Bask\u0131 Hal\u0131 Nas\u0131l Y\u0131kan\u0131r?<\/h4>\n\t\t\t\t\t\t\t<\/div>\n\t\t\t\n\t\t\t\n\t\t\t\n\t\t<\/div>\n\t\t\n\t\t\t\t<div id=\"wd-684833d3dbd60\" class=\"wd-text-block wd-wpb reset-last-child wd-rs-684833d3dbd60 text-left \">\n\t\t\t<p data-start=\"1526\" data-end=\"1589\"><strong data-start=\"1526\" data-end=\"1576\">Her Nepal hal\u0131s\u0131na \u00f6zel bir y\u0131kama protokol\u00fc<\/strong> uyguluyoruz:<\/p>\n<p data-start=\"1591\" data-end=\"2327\">???? <strong data-start=\"1594\" data-end=\"1610\">\u00d6n \u0130nceleme:<\/strong> Hal\u0131n\u0131n t\u00fcr\u00fc, ya\u015f\u0131, iplik yap\u0131s\u0131 ve leke durumu analiz edilir.<br data-start=\"1673\" data-end=\"1676\" \/>???? <strong data-start=\"1679\" data-end=\"1698\">Derin Toz Alma:<\/strong> Titre\u015fimli sistemlerle, hal\u0131n\u0131n derin dokusuna i\u015flemi\u015f toz ve partik\u00fcller ar\u0131nd\u0131r\u0131l\u0131r.<br data-start=\"1785\" data-end=\"1788\" \/>???? <strong data-start=\"1791\" data-end=\"1814\">Leke \u00d6n M\u00fcdahalesi:<\/strong> Bitkisel bazl\u0131, hal\u0131ya zarar vermeyen \u00f6zel leke \u00e7\u00f6z\u00fcc\u00fcler kullan\u0131l\u0131r.<br data-start=\"1884\" data-end=\"1887\" \/>???? <strong data-start=\"1890\" data-end=\"1906\">Elde Y\u0131kama:<\/strong> Hal\u0131, deneyimli personel taraf\u0131ndan yumu\u015fak f\u0131r\u00e7alar ve do\u011fal sabunlarla elde y\u0131kan\u0131r.<br data-start=\"1993\" data-end=\"1996\" \/>???? <strong data-start=\"1999\" data-end=\"2018\">So\u011fuk Durulama:<\/strong> Renklerin korunmas\u0131 i\u00e7in bol miktarda, so\u011fuk suyla durulama yap\u0131l\u0131r.<br data-start=\"2087\" data-end=\"2090\" \/>????\ufe0f <strong data-start=\"2094\" data-end=\"2116\">D\u00fcz Zemin Kurutma:<\/strong> Bask\u0131 hal\u0131 formunu kaybetmemesi i\u00e7in d\u00fcz zeminde, g\u00f6lgede kurutulur.<br data-start=\"2189\" data-end=\"2192\" \/>???? <strong data-start=\"2195\" data-end=\"2225\">Kalite Kontrol &amp; Teslimat:<\/strong> Hal\u0131, renk, temizlik ve yumu\u015fakl\u0131k a\u00e7\u0131s\u0131ndan kontrol edilerek paketlenir ve adresinize teslim edilir.<\/p>\n\t\t<\/div>\n\t\t[\/vc_column][\/vc_row][vc_row][vc_column]\n\t\t<div id=\"wd-684837c6d6bcb\" class=\"title-wrapper wd-wpb wd-set-mb reset-last-child  wd-rs-684837c6d6bcb wd-title-color-default wd-title-style-default text-left  wd-underline-colored\">\n\t\t\t\n\t\t\t<div class=\"liner-continer\">\n\t\t\t\t<h4 class=\"woodmart-title-container title  wd-font-weight- wd-fontsize-l\" >Neden Bask\u0131 Hal\u0131lar\u0131n\u0131z\u0131 Alk\u0131\u015f Hal\u0131 Y\u0131kama\u2019ya Emanet Etmelisiniz?<\/h4>\n\t\t\t\t\t\t\t<\/div>\n\t\t\t\n\t\t\t\n\t\t\t\n\t\t<\/div>\n\t\t\n\t\t\t\t<div id=\"wd-684833e79ba6b\" class=\"wd-text-block wd-wpb reset-last-child wd-rs-684833e79ba6b text-left \">\n\t\t\t<p data-start=\"2092\" data-end=\"2390\">\u2705\u00a0<strong>Bask\u0131 hal\u0131lara \u00f6zel y\u0131kama \u00fcnitesi<\/strong><br \/>\n\u2705\u00a0<strong>Renk koruyucu ekolojik sol\u00fcsyonlar<\/strong><br \/>\n\u2705\u00a0<strong>Desenlere zarar vermeyen \u00f6zel teknikler<\/strong><br \/>\n\u2705\u00a0<strong>\u0130zmit genelinde \u00fccretsiz servis<\/strong><\/p>\n\t\t<\/div>\n\t\t[\/vc_column][\/vc_row][vc_row][vc_column]\n\t\t<div id=\"wd-684833f8640f2\" class=\"title-wrapper wd-wpb wd-set-mb reset-last-child  wd-rs-684833f8640f2 wd-title-color-default wd-title-style-default text-left  wd-underline-colored\">\n\t\t\t\n\t\t\t<div class=\"liner-continer\">\n\t\t\t\t<h4 class=\"woodmart-title-container title  wd-font-weight- wd-fontsize-l\" >Bask\u0131 Hal\u0131 Y\u0131kama Hakk\u0131nda S\u0131k Sorulan Sorular<\/h4>\n\t\t\t\t\t\t\t<\/div>\n\t\t\t\n\t\t\t\n\t\t\t\n\t\t<\/div>\n\t\t\n\t\t\t\t<div id=\"wd-684833f26e3c8\" class=\"wd-text-block wd-wpb reset-last-child wd-rs-684833f26e3c8 text-left \">\n\t\t\t<p class=\"ds-markdown-paragraph\"><strong>\u2753 Bask\u0131 hal\u0131m evde y\u0131kanabilir mi?<\/strong><br \/>\n\u27a1 Kesinlikle hay\u0131r! Ev \u015fartlar\u0131nda renkler solabilir ve desenler bozulabilir.<\/p>\n<p class=\"ds-markdown-paragraph\"><strong>\u2753 Y\u0131kama sonras\u0131 desenlerde bozulma olur mu?<\/strong><br \/>\n\u27a1 Profesyonel y\u0131kama y\u00f6ntemlerimizle desen b\u00fct\u00fcnl\u00fc\u011f\u00fcn\u00fc koruyoruz.<\/p>\n<p class=\"ds-markdown-paragraph\"><strong>\u2753 Renkli bask\u0131 hal\u0131lar i\u00e7in \u00f6zel bir i\u015flem uyguluyor musunuz?<\/strong><br \/>\n\u27a1 Evet, her renk grubuna \u00f6zel pH dengeli sol\u00fcsyonlar kullan\u0131yoruz.<\/p>\n\t\t<\/div>\n\t\t[\/vc_column][\/vc_row][vc_row][vc_column]\n\t\t<div id=\"wd-6847e5fd976d5\" class=\"title-wrapper wd-wpb wd-set-mb reset-last-child  wd-rs-6847e5fd976d5 wd-title-color-default wd-title-style-default text-left  wd-underline-colored\">\n\t\t\t\n\t\t\t<div class=\"liner-continer\">\n\t\t\t\t<h4 class=\"woodmart-title-container title  wd-font-weight- wd-fontsize-l\" >Hangi B\u00f6lgelerdeyiz?<\/h4>\n\t\t\t\t\t\t\t<\/div>\n\t\t\t\n\t\t\t\n\t\t\t\n\t\t<\/div>\n\t\t\n\t\t\t\t<div id=\"wd-684820aa1c28f\" class=\"wd-text-block wd-wpb reset-last-child wd-rs-684820aa1c28f text-left \">\n\t\t\t<p data-start=\"3046\" data-end=\"3462\"><strong data-start=\"3046\" data-end=\"3067\">Alk\u0131\u015f Hal\u0131 Y\u0131kama<\/strong>, ba\u015fta \u0130zmit olmak \u00fczere \u015fu b\u00f6lgelerde h\u0131zl\u0131 ve profesyonel hizmet sunar:<br data-start=\"3141\" data-end=\"3144\" \/>???? \u0130zmit, Yahyakaptan, Ye\u015filova, Malta, Umuttepe, K\u00f6rfez, Yeni\u015fehir, Ba\u015fiskele, Sanayi, Kuru\u00e7e\u015fme, Plajyolu, Kad\u0131k\u00f6y, Karaba\u015f, Merkez, Ayazma, Kartepe, Alemdar, G\u00fcndo\u011fdu, 60 Evler, Yenikent, T\u00fcys\u00fczler, Orduevi, Halkevi, Bekirpa\u015fa, G\u00fcltepe, Alikahya, Ak\u00e7akoca, Tav\u015fantepe, 28 Haziran, Orhan, Turgut, Top\u00e7ular, Cedit ve \u00e7evresi.<\/p>\n\t\t<\/div>\n\t\t[\/vc_column][\/vc_row][vc_row][vc_column]\n\t\t<div id=\"wd-6847e61118107\" class=\"title-wrapper wd-wpb wd-set-mb reset-last-child  wd-rs-6847e61118107 wd-title-color-default wd-title-style-default text-left  wd-underline-colored\">\n\t\t\t\n\t\t\t<div class=\"liner-continer\">\n\t\t\t\t<h4 class=\"woodmart-title-container title  wd-font-weight- wd-fontsize-l\" >Hayal Etti\u011finiz Temizlik \u0130\u00e7in Alk\u0131\u015f Hal\u0131 Y\u0131kama<\/h4>\n\t\t\t\t\t\t\t<\/div>\n\t\t\t\n\t\t\t\n\t\t\t\n\t\t<\/div>\n\t\t\n\t\t\t\t<div id=\"wd-68483408b3eb2\" class=\"wd-text-block wd-wpb reset-last-child wd-rs-68483408b3eb2 text-left \">\n\t\t\t<p data-start=\"4795\" data-end=\"5036\">Kalitenin ve g\u00fcvenin adresi <strong data-start=\"4823\" data-end=\"4844\">Alk\u0131\u015f Hal\u0131 Y\u0131kama<\/strong>, <strong data-start=\"4846\" data-end=\"4878\">Kocaeli \u0130zmit bask\u0131 hal\u0131 y\u0131kama<\/strong> hizmetinde lider markalardan biri olman\u0131n gururunu ya\u015famaktad\u0131r. H\u0131zl\u0131, ekonomik ve g\u00fcvenilir \u00e7\u00f6z\u00fcmlerimizden faydalanmak i\u00e7in hemen bizimle ileti\u015fime ge\u00e7in!<\/p>\n<p data-start=\"4795\" data-end=\"5036\">El eme\u011fi g\u00f6z nuru hal\u0131lar\u0131n\u0131z i\u00e7in s\u0131radan \u00e7\u00f6z\u00fcmler de\u011fil, <strong data-start=\"4306\" data-end=\"4320\">\u00f6zel bak\u0131m<\/strong> sunuyoruz. <strong data-start=\"4332\" data-end=\"4384\">Temizlik, kalite ve g\u00fcveni bir arada ar\u0131yorsan\u0131z<\/strong>, Alk\u0131\u015f Hal\u0131 Y\u0131kama tam size g\u00f6re!<\/p>\n<p data-start=\"5038\" data-end=\"5169\">???? <strong data-start=\"3195\" data-end=\"3203\">Web:<\/strong> <a class=\"\" href=\"http:\/\/www.alkishaliyikama.com\" target=\"_new\" rel=\"noopener\" data-start=\"3204\" data-end=\"3227\">www.alkishaliyikama.com<\/a><\/p>\n<p data-start=\"5038\" data-end=\"5169\">???? <strong data-start=\"5041\" data-end=\"5054\">\u0130leti\u015fim:<\/strong> +90 (552) 551 41 01<br data-start=\"5074\" data-end=\"5077\" \/>???? <strong data-start=\"5080\" data-end=\"5101\">Hizmet B\u00f6lgeleri:<\/strong> \u0130zmit, Yahyakaptan, K\u00f6rfez, Umuttepe, Derince, Ye\u015filova ve \u00e7evresi.<\/p>\n\t\t<\/div>\n\t\t[\/vc_column][\/vc_row][vc_row][vc_column]\n\t\t<div id=\"wd-6847e64bd5dee\" class=\"title-wrapper wd-wpb wd-set-mb reset-last-child  wd-rs-6847e64bd5dee wd-title-color-default wd-title-style-default text-left  wd-underline-colored\">\n\t\t\t\n\t\t\t<div class=\"liner-continer\">\n\t\t\t\t<h4 class=\"woodmart-title-container title  wd-font-weight- wd-fontsize-l\" >Temizlikte \u00d6zel Kaliteyi Alk\u0131\u015flay\u0131n!<\/h4>\n\t\t\t\t\t\t\t<\/div>\n\t\t\t\n\t\t\t\n\t\t\t\n\t\t<\/div>\n\t\t\n\t\t\t\t<div id=\"wd-6847e655a18f5\" class=\"wd-text-block wd-wpb reset-last-child wd-rs-6847e655a18f5 text-left \">\n\t\t\t<p data-start=\"3801\" data-end=\"3998\">Hijyenin ve g\u00fcvenin simgesi olan <strong data-start=\"3834\" data-end=\"3855\">Alk\u0131\u015f Hal\u0131 Y\u0131kama<\/strong>, hal\u0131lar\u0131n\u0131z i\u00e7in en ideal temizlik \u00e7\u00f6z\u00fcm\u00fcn\u00fc sunar. Hemen \u015fimdi bizimle ileti\u015fime ge\u00e7in, hal\u0131lar\u0131n\u0131z\u0131 tertemiz teslim alman\u0131n keyfini ya\u015fay\u0131n!<\/p>\n\t\t<\/div>\n\t\t[\/vc_column][\/vc_row][\/vc_section]<\/p>\n<\/div>","protected":false},"excerpt":{"rendered":"<p>[vc_section woodmart_css_id=&#8221;68581d1d6dcdb&#8221; responsive_spacing=&#8221;eyJwYXJhbV90eXBlIjoid29vZG1hcnRfcmVzcG9uc2l2ZV9zcGFjaW5nIiwic2VsZWN0b3JfaWQiOiI2ODU4MWQxZDZkY2RiIiwic2hvcnRjb2RlIjoidmNfc2VjdGlvbiIsImRhdGEiOnsidGFibGV0Ijp7fSwibW9iaWxlIjp7fX19&#8243; mobile_bg_img_hidden=&#8221;no&#8221; tablet_bg_img_hidden=&#8221;no&#8221; woodmart_parallax=&#8221;0&#8243; woodmart_gradient_switch=&#8221;no&#8221; woodmart_box_shadow=&#8221;no&#8221; wd_z_index=&#8221;no&#8221; woodmart_disable_overflow=&#8221;0&#8243;][vc_row][vc_column width=&#8221;1\/2&#8243;][\/vc_column][vc_column width=&#8221;1\/2&#8243;][\/vc_column][\/vc_row][vc_row][vc_column][\/vc_column][\/vc_row][vc_row][vc_column][\/vc_column][\/vc_row][vc_row][vc_column][\/vc_column][\/vc_row][vc_row][vc_column][\/vc_column][\/vc_row][vc_row][vc_column][\/vc_column][\/vc_row][vc_row][vc_column][\/vc_column][\/vc_row][vc_row][vc_column][\/vc_column][\/vc_row][\/vc_section]<\/p>\n","protected":false},"author":1,"featured_media":0,"parent":9504,"menu_order":0,"comment_status":"closed","ping_status":"closed","template":"","meta":{"footnotes":""},"class_list":["post-9543","page","type-page","status-publish","hentry"],"_links":{"self":[{"href":"https:\/\/www.alkishaliyikama.com\/index.php\/wp-json\/wp\/v2\/pages\/9543","targetHints":{"allow":["GET"]}}],"collection":[{"href":"https:\/\/www.alkishaliyikama.com\/index.php\/wp-json\/wp\/v2\/pages"}],"about":[{"href":"https:\/\/www.alkishaliyikama.com\/index.php\/wp-json\/wp\/v2\/types\/page"}],"author":[{"embeddable":true,"href":"https:\/\/www.alkishaliyikama.com\/index.php\/wp-json\/wp\/v2\/users\/1"}],"replies":[{"embeddable":true,"href":"https:\/\/www.alkishaliyikama.com\/index.php\/wp-json\/wp\/v2\/comments?post=9543"}],"version-history":[{"count":3,"href":"https:\/\/www.alkishaliyikama.com\/index.php\/wp-json\/wp\/v2\/pages\/9543\/revisions"}],"predecessor-version":[{"id":9688,"href":"https:\/\/www.alkishaliyikama.com\/index.php\/wp-json\/wp\/v2\/pages\/9543\/revisions\/9688"}],"up":[{"embeddable":true,"href":"https:\/\/www.alkishaliyikama.com\/index.php\/wp-json\/wp\/v2\/pages\/9504"}],"wp:attachment":[{"href":"https:\/\/www.alkishaliyikama.com\/index.php\/wp-json\/wp\/v2\/media?parent=9543"}],"curies":[{"name":"wp","href":"https:\/\/api.w.org\/{rel}","templated":true}]}}