{"id":9540,"date":"2025-06-10T16:27:52","date_gmt":"2025-06-10T13:27:52","guid":{"rendered":"https:\/\/www.alkishaliyikama.com\/?page_id=9540"},"modified":"2025-06-22T18:11:46","modified_gmt":"2025-06-22T15:11:46","slug":"zebra-stor-perde-yikama","status":"publish","type":"page","link":"https:\/\/www.alkishaliyikama.com\/index.php\/hizmetlerimiz\/zebra-stor-perde-yikama\/","title":{"rendered":"Zebra Stor Perde Y\u0131kama"},"content":{"rendered":"<div class=\"wpb-content-wrapper\"><p>[vc_section woodmart_css_id=&#8221;68581d2ecc2fb&#8221; responsive_spacing=&#8221;eyJwYXJhbV90eXBlIjoid29vZG1hcnRfcmVzcG9uc2l2ZV9zcGFjaW5nIiwic2VsZWN0b3JfaWQiOiI2ODU4MWQyZWNjMmZiIiwic2hvcnRjb2RlIjoidmNfc2VjdGlvbiIsImRhdGEiOnsidGFibGV0Ijp7fSwibW9iaWxlIjp7fX19&#8243; mobile_bg_img_hidden=&#8221;no&#8221; tablet_bg_img_hidden=&#8221;no&#8221; woodmart_parallax=&#8221;0&#8243; woodmart_gradient_switch=&#8221;no&#8221; woodmart_box_shadow=&#8221;no&#8221; wd_z_index=&#8221;no&#8221; woodmart_disable_overflow=&#8221;0&#8243;][vc_row][vc_column width=&#8221;1\/2&#8243;]\n\t\t<div id=\"wd-68483216e0819\" class=\"title-wrapper wd-wpb wd-set-mb reset-last-child  wd-rs-68483216e0819 wd-title-color-default wd-title-style-default text-left  wd-underline-colored\">\n\t\t\t\t\t\t\t\n\t\t\t\t<div class=\"title-subtitle  subtitle-color-default font-alt subtitle-style-default wd-font-weight- wd-fontsize-xs\">Alk\u0131\u015f Temizlik ve Hal\u0131 Y\u0131kama Fabrikas\u0131<\/div>\n\t\t\t\n\t\t\t<div class=\"liner-continer\">\n\t\t\t\t<h4 class=\"woodmart-title-container title  wd-font-weight- wd-fontsize-l\" >Zebra Stor Perde Y\u0131kama Hizmeti | Alk\u0131\u015f Hal\u0131 Y\u0131kama ile \u00d6zel Bak\u0131m<\/h4>\n\t\t\t\t\t\t\t<\/div>\n\t\t\t\n\t\t\t\n\t\t\t\n\t\t<\/div>\n\t\t\n\t\t\t\t<div id=\"wd-6848322e82219\" class=\"wd-text-block wd-wpb reset-last-child wd-rs-6848322e82219 text-left \">\n\t\t\t<p class=\"ds-markdown-paragraph\">Zebra stor perdeler, modern mekanlara \u015f\u0131kl\u0131k katan ve \u0131\u015f\u0131k kontrol\u00fc sa\u011flayan fonksiyonel dekorasyon \u00fcr\u00fcnleridir. Ancak bu \u00f6zel tasar\u0131ml\u0131 perdelerin temizli\u011fi, standart y\u0131kama y\u00f6ntemleriyle yap\u0131ld\u0131\u011f\u0131nda\u00a0<strong>kuma\u015f yap\u0131s\u0131n\u0131 bozabilir<\/strong>\u00a0ve\u00a0<strong>mekanizmas\u0131na zarar verebilir<\/strong>.<\/p>\n<p class=\"ds-markdown-paragraph\"><strong>Alk\u0131\u015f Hal\u0131 Y\u0131kama<\/strong>\u00a0olarak,\u00a0<strong>\u0130zmit ve Kocaeli&#8217;nin t\u00fcm il\u00e7elerinde<\/strong>\u00a0zebra stor perde y\u0131kama konusunda uzmanla\u015fm\u0131\u015f bir ekiple hizmet veriyoruz. Perdelerinizin\u00a0<strong>ilk g\u00fcnk\u00fc performans\u0131n\u0131 koruyarak<\/strong>, hijyenik ve \u00f6zenli bir temizlik sunuyoruz!<\/p>\n\t\t<\/div>\n\t\t[\/vc_column][vc_column width=&#8221;1\/2&#8243;]\t\t<div id=\"wd-6848320467a2f\" class=\"wd-image wd-wpb wd-rs-6848320467a2f text-right \">\n\t\t\t\n\t\t\t<img loading=\"lazy\" decoding=\"async\" width=\"400\" height=\"267\" src=\"https:\/\/www.alkishaliyikama.com\/wp-content\/uploads\/2025\/06\/Zebra-Stor-Perde-Yikama-Hizmeti-Kocaeli-Izmit-Korfez-Malta-Yesilova-Umuttepe-Alkis-Hali-Yikamada.jpg\" class=\"attachment-medium size-medium\" alt=\"Zebra Stor Perde Y\u0131kama Hizmeti Kocaeli \u0130zmit K\u00f6rfez Malta Ye\u015filova Umuttepe Alk\u0131\u015f Hal\u0131 Y\u0131kama&#039;da!\" \/>\n\t\t\t\t\t<\/div>\n\t\t[\/vc_column][\/vc_row][vc_row][vc_column]\n\t\t<div id=\"wd-68483238a9764\" class=\"title-wrapper wd-wpb wd-set-mb reset-last-child  wd-rs-68483238a9764 wd-title-color-default wd-title-style-default text-left  wd-underline-colored\">\n\t\t\t\n\t\t\t<div class=\"liner-continer\">\n\t\t\t\t<h4 class=\"woodmart-title-container title  wd-font-weight- wd-fontsize-l\" >Zebra Stor Perde Neden \u00d6zel \u0130lgi \u0130ster?<\/h4>\n\t\t\t\t\t\t\t<\/div>\n\t\t\t\n\t\t\t\n\t\t\t\n\t\t<\/div>\n\t\t\n\t\t\t\t<div id=\"wd-684833a68348d\" class=\"wd-text-block wd-wpb reset-last-child wd-rs-684833a68348d text-left \">\n\t\t\t<p class=\"ds-markdown-paragraph\">\u2714\u00a0<strong>\u00c7ift katmanl\u0131 kuma\u015f yap\u0131s\u0131<\/strong>\u00a0\u00f6zel temizlik gerektirir<br \/>\n\u2714\u00a0<strong>Mekanizma ve ray sistemleri<\/strong>\u00a0suyla temas\u0131nda zarar g\u00f6rebilir<br \/>\n\u2714\u00a0<strong>Buru\u015fmaya ve deformasyona<\/strong>\u00a0kar\u015f\u0131 hassast\u0131r<br \/>\n\u2714\u00a0<strong>Renk ge\u00e7i\u015fli modellerde<\/strong>\u00a0yanl\u0131\u015f y\u0131kama renk solmas\u0131 yapabilir<\/p>\n<p class=\"ds-markdown-paragraph\"><strong>\u00c7\u00f6z\u00fcm:<\/strong>\u00a0Profesyonel zebra stor perde y\u0131kama ile\u00a0<strong>mekanizmas\u0131 s\u00f6k\u00fclmeden<\/strong>, \u00f6zel tekniklerle temizlik!<\/p>\n\t\t<\/div>\n\t\t[\/vc_column][\/vc_row][vc_row][vc_column]\n\t\t<div id=\"wd-6848327917cb4\" class=\"title-wrapper wd-wpb wd-set-mb reset-last-child  wd-rs-6848327917cb4 wd-title-color-default wd-title-style-default text-left  wd-underline-colored\">\n\t\t\t\n\t\t\t<div class=\"liner-continer\">\n\t\t\t\t<h4 class=\"woodmart-title-container title  wd-font-weight- wd-fontsize-l\" >Alk\u0131\u015f Hal\u0131 Y\u0131kama\u2019da Zebra Stor Perde Nas\u0131l Y\u0131kan\u0131r?<\/h4>\n\t\t\t\t\t\t\t<\/div>\n\t\t\t\n\t\t\t\n\t\t\t\n\t\t<\/div>\n\t\t\n\t\t\t\t<div id=\"wd-6848306daec03\" class=\"wd-text-block wd-wpb reset-last-child wd-rs-6848306daec03 text-left \">\n\t\t\t<p data-start=\"1526\" data-end=\"1589\">???? <strong data-start=\"1632\" data-end=\"1647\">\u00d6n Kontrol:<\/strong> Perdenin kuma\u015f\u0131, mekanizmas\u0131 ve lekeleri analiz edilir.<br data-start=\"1703\" data-end=\"1706\" \/>???? <strong data-start=\"1709\" data-end=\"1730\">Tozdan Ar\u0131nd\u0131rma:<\/strong> Y\u00fczeyde birikmi\u015f tozlar \u00f6zel vakum sistemleriyle temizlenir.<br data-start=\"1791\" data-end=\"1794\" \/>???? <strong data-start=\"1797\" data-end=\"1820\">Organik Leke \u00c7\u00f6zme:<\/strong> Leke t\u00fcr\u00fcne g\u00f6re, perdeye zarar vermeyen bitkisel bazl\u0131 temizleyiciler uygulan\u0131r.<br data-start=\"1902\" data-end=\"1905\" \/>???? <strong data-start=\"1908\" data-end=\"1926\">Hassas Y\u0131kama:<\/strong> Perdenin dokusuna g\u00f6re uygun programda, d\u00fc\u015f\u00fck devirli ve \u00f6zel makinelerde y\u0131kama yap\u0131l\u0131r.<br data-start=\"2016\" data-end=\"2019\" \/>???? <strong data-start=\"2022\" data-end=\"2035\">Durulama:<\/strong> Sabun ve leke kal\u0131nt\u0131lar\u0131 tamamen uzakla\u015ft\u0131r\u0131l\u0131r.<br data-start=\"2085\" data-end=\"2088\" \/>????\ufe0f <strong data-start=\"2092\" data-end=\"2110\">D\u00fc\u015fey Kurutma:<\/strong> K\u0131r\u0131\u015f\u0131kl\u0131k ve deformasyon olu\u015fmamas\u0131 i\u00e7in \u00f6zel dikey ask\u0131larda kurutma sa\u011flan\u0131r.<br data-start=\"2191\" data-end=\"2194\" \/>???? <strong data-start=\"2197\" data-end=\"2222\">Paketleme &amp; Teslimat:<\/strong> Temizli\u011fi tamamlanan perdeler \u00f6zenle ambalajlan\u0131r ve adrese teslim edilir.<\/p>\n\t\t<\/div>\n\t\t[\/vc_column][\/vc_row][vc_row][vc_column]\n\t\t<div id=\"wd-684837d66fd60\" class=\"title-wrapper wd-wpb wd-set-mb reset-last-child  wd-rs-684837d66fd60 wd-title-color-default wd-title-style-default text-left  wd-underline-colored\">\n\t\t\t\n\t\t\t<div class=\"liner-continer\">\n\t\t\t\t<h4 class=\"woodmart-title-container title  wd-font-weight- wd-fontsize-l\" >Neden Zebra Stor Perdelerinizi Alk\u0131\u015f Hal\u0131 Y\u0131kama\u2019ya Emanet Etmelisiniz?<\/h4>\n\t\t\t\t\t\t\t<\/div>\n\t\t\t\n\t\t\t\n\t\t\t\n\t\t<\/div>\n\t\t\n\t\t\t\t<div id=\"wd-68483297c2793\" class=\"wd-text-block wd-wpb reset-last-child wd-rs-68483297c2793 text-left \">\n\t\t\t<p data-start=\"2092\" data-end=\"2390\">\u2705\u00a0<strong>Zebra perdelere \u00f6zel y\u0131kama \u00fcnitesi<\/strong><br \/>\n\u2705\u00a0<strong>Mekanizma s\u00f6kmeden temizlik<\/strong><br \/>\n\u2705\u00a0<strong>Ekolojik ve hipoalerjenik \u00fcr\u00fcnler<\/strong><br \/>\n\u2705\u00a0<strong>\u0130zmit genelinde \u00fccretsiz servis<\/strong><\/p>\n\t\t<\/div>\n\t\t[\/vc_column][\/vc_row][vc_row][vc_column]\n\t\t<div id=\"wd-684832b39f139\" class=\"title-wrapper wd-wpb wd-set-mb reset-last-child  wd-rs-684832b39f139 wd-title-color-default wd-title-style-default text-left  wd-underline-colored\">\n\t\t\t\n\t\t\t<div class=\"liner-continer\">\n\t\t\t\t<h4 class=\"woodmart-title-container title  wd-font-weight- wd-fontsize-l\" >Zebra Stor Perde Y\u0131kama Hakk\u0131nda S\u0131k Sorulan Sorular<\/h4>\n\t\t\t\t\t\t\t<\/div>\n\t\t\t\n\t\t\t\n\t\t\t\n\t\t<\/div>\n\t\t\n\t\t\t\t<div id=\"wd-684832aedac49\" class=\"wd-text-block wd-wpb reset-last-child wd-rs-684832aedac49 text-left \">\n\t\t\t<p class=\"ds-markdown-paragraph\"><strong>\u2753 Zebra perdeleri makinede y\u0131kayabilir miyim?<\/strong><br \/>\n\u27a1 Kesinlikle hay\u0131r! Mekanizma zarar g\u00f6r\u00fcr ve kuma\u015f deforme olur.<\/p>\n<p class=\"ds-markdown-paragraph\"><strong>\u2753 Y\u0131kama sonras\u0131 fonksiyon kayb\u0131 ya\u015far m\u0131y\u0131m?<\/strong><br \/>\n\u27a1 Profesyonel hizmetimizde mekanizma korunarak temizlik yap\u0131l\u0131r.<\/p>\n<p class=\"ds-markdown-paragraph\"><strong>\u2753 Renkli zebra perdelerde solma olur mu?<\/strong><br \/>\n\u27a1 \u00d6zel renk koruyucu sol\u00fcsyonlar\u0131m\u0131zla renkleriniz ilk g\u00fcnk\u00fc gibi kal\u0131r.<\/p>\n\t\t<\/div>\n\t\t[\/vc_column][\/vc_row][vc_row][vc_column]\n\t\t<div id=\"wd-6847e5fd976d5\" class=\"title-wrapper wd-wpb wd-set-mb reset-last-child  wd-rs-6847e5fd976d5 wd-title-color-default wd-title-style-default text-left  wd-underline-colored\">\n\t\t\t\n\t\t\t<div class=\"liner-continer\">\n\t\t\t\t<h4 class=\"woodmart-title-container title  wd-font-weight- wd-fontsize-l\" >Hangi B\u00f6lgelerdeyiz?<\/h4>\n\t\t\t\t\t\t\t<\/div>\n\t\t\t\n\t\t\t\n\t\t\t\n\t\t<\/div>\n\t\t\n\t\t\t\t<div id=\"wd-684820aa1c28f\" class=\"wd-text-block wd-wpb reset-last-child wd-rs-684820aa1c28f text-left \">\n\t\t\t<p data-start=\"3046\" data-end=\"3462\"><strong data-start=\"3046\" data-end=\"3067\">Alk\u0131\u015f Hal\u0131 Y\u0131kama<\/strong>, ba\u015fta \u0130zmit olmak \u00fczere \u015fu b\u00f6lgelerde h\u0131zl\u0131 ve profesyonel hizmet sunar:<br data-start=\"3141\" data-end=\"3144\" \/>???? \u0130zmit, Yahyakaptan, Ye\u015filova, Malta, Umuttepe, K\u00f6rfez, Yeni\u015fehir, Ba\u015fiskele, Sanayi, Kuru\u00e7e\u015fme, Plajyolu, Kad\u0131k\u00f6y, Karaba\u015f, Merkez, Ayazma, Kartepe, Alemdar, G\u00fcndo\u011fdu, 60 Evler, Yenikent, T\u00fcys\u00fczler, Orduevi, Halkevi, Bekirpa\u015fa, G\u00fcltepe, Alikahya, Ak\u00e7akoca, Tav\u015fantepe, 28 Haziran, Orhan, Turgut, Top\u00e7ular, Cedit ve \u00e7evresi.<\/p>\n\t\t<\/div>\n\t\t[\/vc_column][\/vc_row][vc_row][vc_column]\n\t\t<div id=\"wd-6847e61118107\" class=\"title-wrapper wd-wpb wd-set-mb reset-last-child  wd-rs-6847e61118107 wd-title-color-default wd-title-style-default text-left  wd-underline-colored\">\n\t\t\t\n\t\t\t<div class=\"liner-continer\">\n\t\t\t\t<h4 class=\"woodmart-title-container title  wd-font-weight- wd-fontsize-l\" >Hayal Etti\u011finiz Temizlik \u0130\u00e7in Alk\u0131\u015f Hal\u0131 Y\u0131kama<\/h4>\n\t\t\t\t\t\t\t<\/div>\n\t\t\t\n\t\t\t\n\t\t\t\n\t\t<\/div>\n\t\t\n\t\t\t\t<div id=\"wd-684832c512c90\" class=\"wd-text-block wd-wpb reset-last-child wd-rs-684832c512c90 text-left \">\n\t\t\t<p data-start=\"4795\" data-end=\"5036\">Kalitenin ve g\u00fcvenin adresi <strong data-start=\"4823\" data-end=\"4844\">Alk\u0131\u015f Hal\u0131 Y\u0131kama<\/strong>, <strong data-start=\"4846\" data-end=\"4878\">Kocaeli \u0130zmit zebra stor perde y\u0131kama<\/strong> hizmetinde lider markalardan biri olman\u0131n gururunu ya\u015famaktad\u0131r. H\u0131zl\u0131, ekonomik ve g\u00fcvenilir \u00e7\u00f6z\u00fcmlerimizden faydalanmak i\u00e7in hemen bizimle ileti\u015fime ge\u00e7in!<\/p>\n<p data-start=\"4795\" data-end=\"5036\">El eme\u011fi g\u00f6z nuru hal\u0131lar\u0131n\u0131z i\u00e7in s\u0131radan \u00e7\u00f6z\u00fcmler de\u011fil, <strong data-start=\"4306\" data-end=\"4320\">\u00f6zel bak\u0131m<\/strong> sunuyoruz. <strong data-start=\"4332\" data-end=\"4384\">Temizlik, kalite ve g\u00fcveni bir arada ar\u0131yorsan\u0131z<\/strong>, Alk\u0131\u015f Hal\u0131 Y\u0131kama tam size g\u00f6re!<\/p>\n<p data-start=\"5038\" data-end=\"5169\">???? <strong data-start=\"3195\" data-end=\"3203\">Web:<\/strong> <a class=\"\" href=\"http:\/\/www.alkishaliyikama.com\" target=\"_new\" rel=\"noopener\" data-start=\"3204\" data-end=\"3227\">www.alkishaliyikama.com<\/a><\/p>\n<p data-start=\"5038\" data-end=\"5169\">???? <strong data-start=\"5041\" data-end=\"5054\">\u0130leti\u015fim:<\/strong> +90 (552) 551 41 01<br data-start=\"5074\" data-end=\"5077\" \/>???? <strong data-start=\"5080\" data-end=\"5101\">Hizmet B\u00f6lgeleri:<\/strong> \u0130zmit, Yahyakaptan, K\u00f6rfez, Umuttepe, Derince, Ye\u015filova ve \u00e7evresi.<\/p>\n\t\t<\/div>\n\t\t[\/vc_column][\/vc_row][vc_row][vc_column]\n\t\t<div id=\"wd-6847e64bd5dee\" class=\"title-wrapper wd-wpb wd-set-mb reset-last-child  wd-rs-6847e64bd5dee wd-title-color-default wd-title-style-default text-left  wd-underline-colored\">\n\t\t\t\n\t\t\t<div class=\"liner-continer\">\n\t\t\t\t<h4 class=\"woodmart-title-container title  wd-font-weight- wd-fontsize-l\" >Temizlikte \u00d6zel Kaliteyi Alk\u0131\u015flay\u0131n!<\/h4>\n\t\t\t\t\t\t\t<\/div>\n\t\t\t\n\t\t\t\n\t\t\t\n\t\t<\/div>\n\t\t\n\t\t\t\t<div id=\"wd-6847e655a18f5\" class=\"wd-text-block wd-wpb reset-last-child wd-rs-6847e655a18f5 text-left \">\n\t\t\t<p data-start=\"3801\" data-end=\"3998\">Hijyenin ve g\u00fcvenin simgesi olan <strong data-start=\"3834\" data-end=\"3855\">Alk\u0131\u015f Hal\u0131 Y\u0131kama<\/strong>, hal\u0131lar\u0131n\u0131z i\u00e7in en ideal temizlik \u00e7\u00f6z\u00fcm\u00fcn\u00fc sunar. Hemen \u015fimdi bizimle ileti\u015fime ge\u00e7in, hal\u0131lar\u0131n\u0131z\u0131 tertemiz teslim alman\u0131n keyfini ya\u015fay\u0131n!<\/p>\n\t\t<\/div>\n\t\t[\/vc_column][\/vc_row][\/vc_section]<\/p>\n<\/div>","protected":false},"excerpt":{"rendered":"<p>[vc_section woodmart_css_id=&#8221;68581d2ecc2fb&#8221; responsive_spacing=&#8221;eyJwYXJhbV90eXBlIjoid29vZG1hcnRfcmVzcG9uc2l2ZV9zcGFjaW5nIiwic2VsZWN0b3JfaWQiOiI2ODU4MWQyZWNjMmZiIiwic2hvcnRjb2RlIjoidmNfc2VjdGlvbiIsImRhdGEiOnsidGFibGV0Ijp7fSwibW9iaWxlIjp7fX19&#8243; mobile_bg_img_hidden=&#8221;no&#8221; tablet_bg_img_hidden=&#8221;no&#8221; woodmart_parallax=&#8221;0&#8243; woodmart_gradient_switch=&#8221;no&#8221; woodmart_box_shadow=&#8221;no&#8221; wd_z_index=&#8221;no&#8221; woodmart_disable_overflow=&#8221;0&#8243;][vc_row][vc_column width=&#8221;1\/2&#8243;][\/vc_column][vc_column width=&#8221;1\/2&#8243;][\/vc_column][\/vc_row][vc_row][vc_column][\/vc_column][\/vc_row][vc_row][vc_column][\/vc_column][\/vc_row][vc_row][vc_column][\/vc_column][\/vc_row][vc_row][vc_column][\/vc_column][\/vc_row][vc_row][vc_column][\/vc_column][\/vc_row][vc_row][vc_column][\/vc_column][\/vc_row][vc_row][vc_column][\/vc_column][\/vc_row][\/vc_section]<\/p>\n","protected":false},"author":1,"featured_media":0,"parent":9504,"menu_order":0,"comment_status":"closed","ping_status":"closed","template":"","meta":{"footnotes":""},"class_list":["post-9540","page","type-page","status-publish","hentry"],"_links":{"self":[{"href":"https:\/\/www.alkishaliyikama.com\/index.php\/wp-json\/wp\/v2\/pages\/9540","targetHints":{"allow":["GET"]}}],"collection":[{"href":"https:\/\/www.alkishaliyikama.com\/index.php\/wp-json\/wp\/v2\/pages"}],"about":[{"href":"https:\/\/www.alkishaliyikama.com\/index.php\/wp-json\/wp\/v2\/types\/page"}],"author":[{"embeddable":true,"href":"https:\/\/www.alkishaliyikama.com\/index.php\/wp-json\/wp\/v2\/users\/1"}],"replies":[{"embeddable":true,"href":"https:\/\/www.alkishaliyikama.com\/index.php\/wp-json\/wp\/v2\/comments?post=9540"}],"version-history":[{"count":4,"href":"https:\/\/www.alkishaliyikama.com\/index.php\/wp-json\/wp\/v2\/pages\/9540\/revisions"}],"predecessor-version":[{"id":9691,"href":"https:\/\/www.alkishaliyikama.com\/index.php\/wp-json\/wp\/v2\/pages\/9540\/revisions\/9691"}],"up":[{"embeddable":true,"href":"https:\/\/www.alkishaliyikama.com\/index.php\/wp-json\/wp\/v2\/pages\/9504"}],"wp:attachment":[{"href":"https:\/\/www.alkishaliyikama.com\/index.php\/wp-json\/wp\/v2\/media?parent=9540"}],"curies":[{"name":"wp","href":"https:\/\/api.w.org\/{rel}","templated":true}]}}