{"id":9522,"date":"2025-06-10T16:03:13","date_gmt":"2025-06-10T13:03:13","guid":{"rendered":"https:\/\/www.alkishaliyikama.com\/?page_id=9522"},"modified":"2025-06-22T18:11:40","modified_gmt":"2025-06-22T15:11:40","slug":"isparta-halisi-yikama","status":"publish","type":"page","link":"https:\/\/www.alkishaliyikama.com\/index.php\/hizmetlerimiz\/isparta-halisi-yikama\/","title":{"rendered":"Isparta Hal\u0131s\u0131 Y\u0131kama"},"content":{"rendered":"<div class=\"wpb-content-wrapper\"><p>[vc_section woodmart_css_id=&#8221;68581d289bc41&#8243; responsive_spacing=&#8221;eyJwYXJhbV90eXBlIjoid29vZG1hcnRfcmVzcG9uc2l2ZV9zcGFjaW5nIiwic2VsZWN0b3JfaWQiOiI2ODU4MWQyODliYzQxIiwic2hvcnRjb2RlIjoidmNfc2VjdGlvbiIsImRhdGEiOnsidGFibGV0Ijp7fSwibW9iaWxlIjp7fX19&#8243; mobile_bg_img_hidden=&#8221;no&#8221; tablet_bg_img_hidden=&#8221;no&#8221; woodmart_parallax=&#8221;0&#8243; woodmart_gradient_switch=&#8221;no&#8221; woodmart_box_shadow=&#8221;no&#8221; wd_z_index=&#8221;no&#8221; woodmart_disable_overflow=&#8221;0&#8243;][vc_row][vc_column width=&#8221;1\/2&#8243;]\n\t\t<div id=\"wd-68482c82c04d0\" class=\"title-wrapper wd-wpb wd-set-mb reset-last-child  wd-rs-68482c82c04d0 wd-title-color-default wd-title-style-default text-left  wd-underline-colored\">\n\t\t\t\t\t\t\t\n\t\t\t\t<div class=\"title-subtitle  subtitle-color-default font-alt subtitle-style-default wd-font-weight- wd-fontsize-xs\">Alk\u0131\u015f Temizlik ve Hal\u0131 Y\u0131kama Fabrikas\u0131<\/div>\n\t\t\t\n\t\t\t<div class=\"liner-continer\">\n\t\t\t\t<h4 class=\"woodmart-title-container title  wd-font-weight- wd-fontsize-l\" >Isparta Hal\u0131lar\u0131n\u0131z Alk\u0131\u015f Hal\u0131 Y\u0131kama ile G\u00fcvende: Geleneksel Hal\u0131ya \u00d6zel Temizlik<\/h4>\n\t\t\t\t\t\t\t<\/div>\n\t\t\t\n\t\t\t\n\t\t\t\n\t\t<\/div>\n\t\t\n\t\t\t\t<div id=\"wd-68482c916950d\" class=\"wd-text-block wd-wpb reset-last-child wd-rs-68482c916950d text-left \">\n\t\t\t<p data-start=\"447\" data-end=\"699\"><strong data-start=\"447\" data-end=\"467\">Isparta hal\u0131lar\u0131<\/strong>, T\u00fcrk hal\u0131 sanat\u0131n\u0131n zarif \u00f6rneklerinden biri olup ince d\u00fc\u011f\u00fcm yap\u0131s\u0131, zengin renkleri ve estetik desenleriyle dikkat \u00e7eker. Bu \u00f6zel hal\u0131lar\u0131n temizli\u011fi, s\u0131radan y\u0131kama i\u015flemleriyle de\u011fil, uzmanl\u0131k ve dikkatle ger\u00e7ekle\u015ftirilmelidir.<\/p>\n<p data-start=\"701\" data-end=\"877\"><strong data-start=\"701\" data-end=\"722\">Alk\u0131\u015f Hal\u0131 Y\u0131kama<\/strong>, <strong data-start=\"724\" data-end=\"747\">\u0130zmit ve \u00e7evresinde<\/strong> Isparta hal\u0131lar\u0131n\u0131z\u0131 g\u00fcvenle y\u0131katabilece\u011finiz nadir firmalardan biridir. Hal\u0131n\u0131z\u0131n de\u011ferini biliyor, ona \u00f6zel i\u015flem uyguluyoruz.<\/p>\n\t\t<\/div>\n\t\t[\/vc_column][vc_column width=&#8221;1\/2&#8243;]\t\t<div id=\"wd-68482c880e7d5\" class=\"wd-image wd-wpb wd-rs-68482c880e7d5 text-right \">\n\t\t\t\n\t\t\t<img loading=\"lazy\" decoding=\"async\" width=\"370\" height=\"300\" src=\"https:\/\/www.alkishaliyikama.com\/wp-content\/uploads\/2025\/06\/Isparta-Halisi-Yikama-Hizmeti-Kocaeli-Izmit-Korfez-Malta-Yesilova-Umuttepe-Alkis-Hali-Yikamada.jpg\" class=\"attachment-medium size-medium\" alt=\"Isparta Hal\u0131s\u0131 Y\u0131kama Hizmeti Kocaeli \u0130zmit K\u00f6rfez Malta Ye\u015filova Umuttepe Alk\u0131\u015f Hal\u0131 Y\u0131kama&#039;da!\" \/>\n\t\t\t\t\t<\/div>\n\t\t[\/vc_column][\/vc_row][vc_row][vc_column]\n\t\t<div id=\"wd-68482ca6b9953\" class=\"title-wrapper wd-wpb wd-set-mb reset-last-child  wd-rs-68482ca6b9953 wd-title-color-default wd-title-style-default text-left  wd-underline-colored\">\n\t\t\t\n\t\t\t<div class=\"liner-continer\">\n\t\t\t\t<h4 class=\"woodmart-title-container title  wd-font-weight- wd-fontsize-l\" >Isparta Hal\u0131s\u0131 Nedir? Neden Profesyonel ve \u00d6zel Temizlik Gerekir?<\/h4>\n\t\t\t\t\t\t\t<\/div>\n\t\t\t\n\t\t\t\n\t\t\t\n\t\t<\/div>\n\t\t\n\t\t\t\t<div id=\"wd-68482ca233f91\" class=\"wd-text-block wd-wpb reset-last-child wd-rs-68482ca233f91 text-left \">\n\t\t\t<p data-start=\"947\" data-end=\"1190\"><strong data-start=\"947\" data-end=\"967\">Isparta hal\u0131lar\u0131<\/strong>, ince y\u00fcn ipliklerden, \u00e7ift d\u00fc\u011f\u00fcm tekni\u011fiyle dokunan, genellikle el yap\u0131m\u0131 geleneksel T\u00fcrk hal\u0131lar\u0131d\u0131r. \u00d6zellikle k\u0131rm\u0131z\u0131, mavi ve krem tonlar\u0131yla tan\u0131nan bu hal\u0131lar, hem ev i\u00e7i kullan\u0131ma hem koleksiyonluk de\u011fere sahiptir.<\/p>\n<p data-start=\"1192\" data-end=\"1260\">???? Ancak yanl\u0131\u015f y\u0131kama uygulamalar\u0131 sonucu \u015fu zararlar olu\u015fabilir:<\/p>\n<ul data-start=\"1261\" data-end=\"1376\">\n<li data-start=\"1261\" data-end=\"1292\">\n<p data-start=\"1263\" data-end=\"1292\">Renk solmas\u0131 ve desen kayb\u0131<\/p>\n<\/li>\n<li data-start=\"1293\" data-end=\"1317\">\n<p data-start=\"1295\" data-end=\"1317\">Liflerin sertle\u015fmesi<\/p>\n<\/li>\n<li data-start=\"1318\" data-end=\"1347\">\n<p data-start=\"1320\" data-end=\"1347\">Dokuma formunun bozulmas\u0131<\/p>\n<\/li>\n<li data-start=\"1348\" data-end=\"1376\">\n<p data-start=\"1350\" data-end=\"1376\">K\u00f6t\u00fc koku ve nem olu\u015fumu<\/p>\n<\/li>\n<\/ul>\n<p data-start=\"1378\" data-end=\"1463\">Bu y\u00fczden <strong data-start=\"1388\" data-end=\"1413\">Isparta hal\u0131s\u0131 y\u0131kama<\/strong>, mutlaka bu hal\u0131ya \u00f6zel y\u00f6ntemlerle yap\u0131lmal\u0131d\u0131r.<\/p>\n\t\t<\/div>\n\t\t[\/vc_column][\/vc_row][vc_row][vc_column]\n\t\t<div id=\"wd-68482cb4483f3\" class=\"title-wrapper wd-wpb wd-set-mb reset-last-child  wd-rs-68482cb4483f3 wd-title-color-default wd-title-style-default text-left  wd-underline-colored\">\n\t\t\t\n\t\t\t<div class=\"liner-continer\">\n\t\t\t\t<h4 class=\"woodmart-title-container title  wd-font-weight- wd-fontsize-l\" >Alk\u0131\u015f Hal\u0131 Y\u0131kama\u2019da Isparta Hal\u0131s\u0131 Nas\u0131l Y\u0131kan\u0131r?<\/h4>\n\t\t\t\t\t\t\t<\/div>\n\t\t\t\n\t\t\t\n\t\t\t\n\t\t<\/div>\n\t\t\n\t\t\t\t<div id=\"wd-68482cbc3ab9a\" class=\"wd-text-block wd-wpb reset-last-child wd-rs-68482cbc3ab9a text-left \">\n\t\t\t<p data-start=\"1526\" data-end=\"1589\"><strong data-start=\"1526\" data-end=\"1576\">Her Isparta hal\u0131s\u0131na \u00f6zel bir y\u0131kama protokol\u00fc<\/strong> uyguluyoruz:<\/p>\n<p data-start=\"1591\" data-end=\"2327\">???? <strong data-start=\"1594\" data-end=\"1610\">\u00d6n \u0130nceleme:<\/strong> Hal\u0131n\u0131n t\u00fcr\u00fc, ya\u015f\u0131, iplik yap\u0131s\u0131 ve leke durumu analiz edilir.<br data-start=\"1673\" data-end=\"1676\" \/>???? <strong data-start=\"1679\" data-end=\"1698\">Derin Toz Alma:<\/strong> Titre\u015fimli sistemlerle, hal\u0131n\u0131n derin dokusuna i\u015flemi\u015f toz ve partik\u00fcller ar\u0131nd\u0131r\u0131l\u0131r.<br data-start=\"1785\" data-end=\"1788\" \/>???? <strong data-start=\"1791\" data-end=\"1814\">Leke \u00d6n M\u00fcdahalesi:<\/strong> Bitkisel bazl\u0131, hal\u0131ya zarar vermeyen \u00f6zel leke \u00e7\u00f6z\u00fcc\u00fcler kullan\u0131l\u0131r.<br data-start=\"1884\" data-end=\"1887\" \/>???? <strong data-start=\"1890\" data-end=\"1906\">Elde Y\u0131kama:<\/strong> Hal\u0131, deneyimli personel taraf\u0131ndan yumu\u015fak f\u0131r\u00e7alar ve do\u011fal sabunlarla elde y\u0131kan\u0131r.<br data-start=\"1993\" data-end=\"1996\" \/>???? <strong data-start=\"1999\" data-end=\"2018\">So\u011fuk Durulama:<\/strong> Renklerin korunmas\u0131 i\u00e7in bol miktarda, so\u011fuk suyla durulama yap\u0131l\u0131r.<br data-start=\"2087\" data-end=\"2090\" \/>????\ufe0f <strong data-start=\"2094\" data-end=\"2116\">D\u00fcz Zemin Kurutma:<\/strong> Isparta hal\u0131s\u0131 formunu kaybetmemesi i\u00e7in d\u00fcz zeminde, g\u00f6lgede kurutulur.<br data-start=\"2189\" data-end=\"2192\" \/>???? <strong data-start=\"2195\" data-end=\"2225\">Kalite Kontrol &amp; Teslimat:<\/strong> Hal\u0131, renk, temizlik ve yumu\u015fakl\u0131k a\u00e7\u0131s\u0131ndan kontrol edilerek paketlenir ve adresinize teslim edilir.<\/p>\n\t\t<\/div>\n\t\t[\/vc_column][\/vc_row][vc_row][vc_column]\n\t\t<div id=\"wd-68482cce2a7f0\" class=\"title-wrapper wd-wpb wd-set-mb reset-last-child  wd-rs-68482cce2a7f0 wd-title-color-default wd-title-style-default text-left  wd-underline-colored\">\n\t\t\t\n\t\t\t<div class=\"liner-continer\">\n\t\t\t\t<h4 class=\"woodmart-title-container title  wd-font-weight- wd-fontsize-l\" >Neden Isparta Hal\u0131n\u0131z\u0131 Alk\u0131\u015f Hal\u0131 Y\u0131kama\u2019ya Emanet Etmelisiniz?<\/h4>\n\t\t\t\t\t\t\t<\/div>\n\t\t\t\n\t\t\t\n\t\t\t\n\t\t<\/div>\n\t\t\n\t\t\t\t<div id=\"wd-68482cc9a5d2e\" class=\"wd-text-block wd-wpb reset-last-child wd-rs-68482cc9a5d2e text-left \">\n\t\t\t<p data-start=\"2364\" data-end=\"2691\"><strong>\u2705 Isparta hal\u0131s\u0131na \u00f6zel bilgi ve tecr\u00fcbeye sahip profesyonel ekip<\/strong><br data-start=\"2429\" data-end=\"2432\" \/><strong>\u2705 Kimyasal i\u00e7ermeyen, do\u011fal temizlik \u00fcr\u00fcnleri<\/strong><br data-start=\"2477\" data-end=\"2480\" \/><strong>\u2705 Elle ve \u00f6zel sistemle y\u0131kama se\u00e7enekleri<\/strong><br data-start=\"2522\" data-end=\"2525\" \/><strong>\u2705 \u0130zmit ve \u00e7evresine \u00fccretsiz servis (al\u0131m\u2013teslim)<\/strong><br data-start=\"2575\" data-end=\"2578\" \/><strong>\u2705 Sigortal\u0131 ta\u015f\u0131ma ve %100 m\u00fc\u015fteri memnuniyeti garantisi<\/strong><br data-start=\"2634\" data-end=\"2637\" \/><strong>\u2705 Geleneksel dokumaya zarar vermeyen y\u0131kama teknikleri<\/strong><\/p>\n\t\t<\/div>\n\t\t[\/vc_column][\/vc_row][vc_row][vc_column]\n\t\t<div id=\"wd-68482cd663fbf\" class=\"title-wrapper wd-wpb wd-set-mb reset-last-child  wd-rs-68482cd663fbf wd-title-color-default wd-title-style-default text-left  wd-underline-colored\">\n\t\t\t\n\t\t\t<div class=\"liner-continer\">\n\t\t\t\t<h4 class=\"woodmart-title-container title  wd-font-weight- wd-fontsize-l\" >Isparta Hal\u0131 Y\u0131kama Hakk\u0131nda S\u0131k Sorulan Sorular<\/h4>\n\t\t\t\t\t\t\t<\/div>\n\t\t\t\n\t\t\t\n\t\t\t\n\t\t<\/div>\n\t\t\n\t\t\t\t<div id=\"wd-68482ef0ca0c2\" class=\"wd-text-block wd-wpb reset-last-child wd-rs-68482ef0ca0c2 text-left \">\n\t\t\t<p data-start=\"3431\" data-end=\"3609\"><strong data-start=\"3431\" data-end=\"3480\">\u2753Isparta hal\u0131m\u0131 evde kendim y\u0131kayabilir miyim?<\/strong><br data-start=\"3480\" data-end=\"3483\" \/>\u27a1Hay\u0131r. El dokumas\u0131 Isparta hal\u0131lar \u00f6zel tekniklerle y\u0131kanmal\u0131d\u0131r. Evde y\u0131kamak, hal\u0131ya geri d\u00f6n\u00fc\u015f\u00fc olmayan zararlar verebilir.<\/p>\n<p data-start=\"3611\" data-end=\"3723\"><strong data-start=\"3611\" data-end=\"3640\">\u2753Hal\u0131m\u0131n renkleri akar m\u0131?<\/strong><br data-start=\"3640\" data-end=\"3643\" \/>\u27a1Hay\u0131r. Renk sabitleyici \u00f6n i\u015flem ve so\u011fuk su durulama sayesinde renkler korunur.<\/p>\n<p data-start=\"3725\" data-end=\"3844\"><strong data-start=\"3725\" data-end=\"3765\">\u2753Hal\u0131m ne kadar s\u00fcrede teslim edilir?<\/strong><br data-start=\"3765\" data-end=\"3768\" \/>\u27a1Ortalama teslim s\u00fcresi 3\u20135 i\u015f g\u00fcn\u00fcd\u00fcr. Yo\u011fun d\u00f6nemlerde bu s\u00fcre de\u011fi\u015febilir.<\/p>\n\t\t<\/div>\n\t\t[\/vc_column][\/vc_row][vc_row][vc_column]\n\t\t<div id=\"wd-6847e5fd976d5\" class=\"title-wrapper wd-wpb wd-set-mb reset-last-child  wd-rs-6847e5fd976d5 wd-title-color-default wd-title-style-default text-left  wd-underline-colored\">\n\t\t\t\n\t\t\t<div class=\"liner-continer\">\n\t\t\t\t<h4 class=\"woodmart-title-container title  wd-font-weight- wd-fontsize-l\" >Hangi B\u00f6lgelerdeyiz?<\/h4>\n\t\t\t\t\t\t\t<\/div>\n\t\t\t\n\t\t\t\n\t\t\t\n\t\t<\/div>\n\t\t\n\t\t\t\t<div id=\"wd-684820aa1c28f\" class=\"wd-text-block wd-wpb reset-last-child wd-rs-684820aa1c28f text-left \">\n\t\t\t<p data-start=\"3046\" data-end=\"3462\"><strong data-start=\"3046\" data-end=\"3067\">Alk\u0131\u015f Hal\u0131 Y\u0131kama<\/strong>, ba\u015fta \u0130zmit olmak \u00fczere \u015fu b\u00f6lgelerde h\u0131zl\u0131 ve profesyonel hizmet sunar:<br data-start=\"3141\" data-end=\"3144\" \/>???? \u0130zmit, Yahyakaptan, Ye\u015filova, Malta, Umuttepe, K\u00f6rfez, Yeni\u015fehir, Ba\u015fiskele, Sanayi, Kuru\u00e7e\u015fme, Plajyolu, Kad\u0131k\u00f6y, Karaba\u015f, Merkez, Ayazma, Kartepe, Alemdar, G\u00fcndo\u011fdu, 60 Evler, Yenikent, T\u00fcys\u00fczler, Orduevi, Halkevi, Bekirpa\u015fa, G\u00fcltepe, Alikahya, Ak\u00e7akoca, Tav\u015fantepe, 28 Haziran, Orhan, Turgut, Top\u00e7ular, Cedit ve \u00e7evresi.<\/p>\n\t\t<\/div>\n\t\t[\/vc_column][\/vc_row][vc_row][vc_column]\n\t\t<div id=\"wd-6847e61118107\" class=\"title-wrapper wd-wpb wd-set-mb reset-last-child  wd-rs-6847e61118107 wd-title-color-default wd-title-style-default text-left  wd-underline-colored\">\n\t\t\t\n\t\t\t<div class=\"liner-continer\">\n\t\t\t\t<h4 class=\"woodmart-title-container title  wd-font-weight- wd-fontsize-l\" >Hayal Etti\u011finiz Temizlik \u0130\u00e7in Alk\u0131\u015f Hal\u0131 Y\u0131kama<\/h4>\n\t\t\t\t\t\t\t<\/div>\n\t\t\t\n\t\t\t\n\t\t\t\n\t\t<\/div>\n\t\t\n\t\t\t\t<div id=\"wd-68482cfdde966\" class=\"wd-text-block wd-wpb reset-last-child wd-rs-68482cfdde966 text-left \">\n\t\t\t<p data-start=\"4795\" data-end=\"5036\">Kalitenin ve g\u00fcvenin adresi <strong data-start=\"4823\" data-end=\"4844\">Alk\u0131\u015f Hal\u0131 Y\u0131kama<\/strong>, <strong data-start=\"4846\" data-end=\"4878\">Kocaeli \u0130zmit \u0131sparta hal\u0131 y\u0131kama<\/strong> hizmetinde lider markalardan biri olman\u0131n gururunu ya\u015famaktad\u0131r. H\u0131zl\u0131, ekonomik ve g\u00fcvenilir \u00e7\u00f6z\u00fcmlerimizden faydalanmak i\u00e7in hemen bizimle ileti\u015fime ge\u00e7in!<\/p>\n<p data-start=\"4795\" data-end=\"5036\">El eme\u011fi g\u00f6z nuru hal\u0131lar\u0131n\u0131z i\u00e7in s\u0131radan \u00e7\u00f6z\u00fcmler de\u011fil, <strong data-start=\"4306\" data-end=\"4320\">\u00f6zel bak\u0131m<\/strong> sunuyoruz. <strong data-start=\"4332\" data-end=\"4384\">Temizlik, kalite ve g\u00fcveni bir arada ar\u0131yorsan\u0131z<\/strong>, Alk\u0131\u015f Hal\u0131 Y\u0131kama tam size g\u00f6re!<\/p>\n<p data-start=\"5038\" data-end=\"5169\">???? <strong data-start=\"3195\" data-end=\"3203\">Web:<\/strong> <a class=\"\" href=\"http:\/\/www.alkishaliyikama.com\" target=\"_new\" rel=\"noopener\" data-start=\"3204\" data-end=\"3227\">www.alkishaliyikama.com<\/a><\/p>\n<p data-start=\"5038\" data-end=\"5169\">???? <strong data-start=\"5041\" data-end=\"5054\">\u0130leti\u015fim:<\/strong> +90 (552) 551 41 01<br data-start=\"5074\" data-end=\"5077\" \/>???? <strong data-start=\"5080\" data-end=\"5101\">Hizmet B\u00f6lgeleri:<\/strong> \u0130zmit, Yahyakaptan, K\u00f6rfez, Umuttepe, Derince, Ye\u015filova ve \u00e7evresi.<\/p>\n\t\t<\/div>\n\t\t[\/vc_column][\/vc_row][vc_row][vc_column]\n\t\t<div id=\"wd-6847e64bd5dee\" class=\"title-wrapper wd-wpb wd-set-mb reset-last-child  wd-rs-6847e64bd5dee wd-title-color-default wd-title-style-default text-left  wd-underline-colored\">\n\t\t\t\n\t\t\t<div class=\"liner-continer\">\n\t\t\t\t<h4 class=\"woodmart-title-container title  wd-font-weight- wd-fontsize-l\" >Temizlikte \u00d6zel Kaliteyi Alk\u0131\u015flay\u0131n!<\/h4>\n\t\t\t\t\t\t\t<\/div>\n\t\t\t\n\t\t\t\n\t\t\t\n\t\t<\/div>\n\t\t\n\t\t\t\t<div id=\"wd-6847e655a18f5\" class=\"wd-text-block wd-wpb reset-last-child wd-rs-6847e655a18f5 text-left \">\n\t\t\t<p data-start=\"3801\" data-end=\"3998\">Hijyenin ve g\u00fcvenin simgesi olan <strong data-start=\"3834\" data-end=\"3855\">Alk\u0131\u015f Hal\u0131 Y\u0131kama<\/strong>, hal\u0131lar\u0131n\u0131z i\u00e7in en ideal temizlik \u00e7\u00f6z\u00fcm\u00fcn\u00fc sunar. Hemen \u015fimdi bizimle ileti\u015fime ge\u00e7in, hal\u0131lar\u0131n\u0131z\u0131 tertemiz teslim alman\u0131n keyfini ya\u015fay\u0131n!<\/p>\n\t\t<\/div>\n\t\t[\/vc_column][\/vc_row][\/vc_section]<\/p>\n<\/div>","protected":false},"excerpt":{"rendered":"<p>[vc_section woodmart_css_id=&#8221;68581d289bc41&#8243; responsive_spacing=&#8221;eyJwYXJhbV90eXBlIjoid29vZG1hcnRfcmVzcG9uc2l2ZV9zcGFjaW5nIiwic2VsZWN0b3JfaWQiOiI2ODU4MWQyODliYzQxIiwic2hvcnRjb2RlIjoidmNfc2VjdGlvbiIsImRhdGEiOnsidGFibGV0Ijp7fSwibW9iaWxlIjp7fX19&#8243; mobile_bg_img_hidden=&#8221;no&#8221; tablet_bg_img_hidden=&#8221;no&#8221; woodmart_parallax=&#8221;0&#8243; woodmart_gradient_switch=&#8221;no&#8221; woodmart_box_shadow=&#8221;no&#8221; wd_z_index=&#8221;no&#8221; woodmart_disable_overflow=&#8221;0&#8243;][vc_row][vc_column width=&#8221;1\/2&#8243;][\/vc_column][vc_column width=&#8221;1\/2&#8243;][\/vc_column][\/vc_row][vc_row][vc_column][\/vc_column][\/vc_row][vc_row][vc_column][\/vc_column][\/vc_row][vc_row][vc_column][\/vc_column][\/vc_row][vc_row][vc_column][\/vc_column][\/vc_row][vc_row][vc_column][\/vc_column][\/vc_row][vc_row][vc_column][\/vc_column][\/vc_row][vc_row][vc_column][\/vc_column][\/vc_row][\/vc_section]<\/p>\n","protected":false},"author":1,"featured_media":0,"parent":9504,"menu_order":0,"comment_status":"closed","ping_status":"closed","template":"","meta":{"footnotes":""},"class_list":["post-9522","page","type-page","status-publish","hentry"],"_links":{"self":[{"href":"https:\/\/www.alkishaliyikama.com\/index.php\/wp-json\/wp\/v2\/pages\/9522","targetHints":{"allow":["GET"]}}],"collection":[{"href":"https:\/\/www.alkishaliyikama.com\/index.php\/wp-json\/wp\/v2\/pages"}],"about":[{"href":"https:\/\/www.alkishaliyikama.com\/index.php\/wp-json\/wp\/v2\/types\/page"}],"author":[{"embeddable":true,"href":"https:\/\/www.alkishaliyikama.com\/index.php\/wp-json\/wp\/v2\/users\/1"}],"replies":[{"embeddable":true,"href":"https:\/\/www.alkishaliyikama.com\/index.php\/wp-json\/wp\/v2\/comments?post=9522"}],"version-history":[{"count":4,"href":"https:\/\/www.alkishaliyikama.com\/index.php\/wp-json\/wp\/v2\/pages\/9522\/revisions"}],"predecessor-version":[{"id":9695,"href":"https:\/\/www.alkishaliyikama.com\/index.php\/wp-json\/wp\/v2\/pages\/9522\/revisions\/9695"}],"up":[{"embeddable":true,"href":"https:\/\/www.alkishaliyikama.com\/index.php\/wp-json\/wp\/v2\/pages\/9504"}],"wp:attachment":[{"href":"https:\/\/www.alkishaliyikama.com\/index.php\/wp-json\/wp\/v2\/media?parent=9522"}],"curies":[{"name":"wp","href":"https:\/\/api.w.org\/{rel}","templated":true}]}}