{"id":9514,"date":"2025-06-10T15:13:17","date_gmt":"2025-06-10T12:13:17","guid":{"rendered":"https:\/\/www.alkishaliyikama.com\/?page_id=9514"},"modified":"2025-06-10T16:10:36","modified_gmt":"2025-06-10T13:10:36","slug":"flos-hali-yikama","status":"publish","type":"page","link":"https:\/\/www.alkishaliyikama.com\/index.php\/hizmetlerimiz\/flos-hali-yikama\/","title":{"rendered":"Flo\u015f Hal\u0131 Y\u0131kama"},"content":{"rendered":"<div class=\"wpb-content-wrapper\"><p>[vc_section css=&#8221;.vc_custom_1749542035825{margin-top: 140px !important;}&#8221; woodmart_css_id=&#8221;6847e48cad22d&#8221; responsive_spacing=&#8221;eyJwYXJhbV90eXBlIjoid29vZG1hcnRfcmVzcG9uc2l2ZV9zcGFjaW5nIiwic2VsZWN0b3JfaWQiOiI2ODQ3ZTQ4Y2FkMjJkIiwic2hvcnRjb2RlIjoidmNfc2VjdGlvbiIsImRhdGEiOnsidGFibGV0Ijp7fSwibW9iaWxlIjp7fX19&#8243; mobile_bg_img_hidden=&#8221;no&#8221; tablet_bg_img_hidden=&#8221;no&#8221; woodmart_parallax=&#8221;0&#8243; woodmart_gradient_switch=&#8221;no&#8221; woodmart_box_shadow=&#8221;no&#8221; wd_z_index=&#8221;no&#8221; woodmart_disable_overflow=&#8221;0&#8243;][vc_row][vc_column width=&#8221;1\/2&#8243;]\n\t\t<div id=\"wd-68481fe643ff2\" class=\"title-wrapper wd-wpb wd-set-mb reset-last-child  wd-rs-68481fe643ff2 wd-title-color-default wd-title-style-default text-left  wd-underline-colored\">\n\t\t\t\t\t\t\t\n\t\t\t\t<div class=\"title-subtitle  subtitle-color-default font-alt subtitle-style-default wd-font-weight- wd-fontsize-xs\">Alk\u0131\u015f Temizlik ve Hal\u0131 Y\u0131kama Fabrikas\u0131<\/div>\n\t\t\t\n\t\t\t<div class=\"liner-continer\">\n\t\t\t\t<h4 class=\"woodmart-title-container title  wd-font-weight- wd-fontsize-l\" >Flo\u015f Hal\u0131lar\u0131n\u0131z \u0130\u00e7in Uzman Temizlik: Alk\u0131\u015f Hal\u0131 Y\u0131kama \u0130zmit\u2019te Hizmetinizde<\/h4>\n\t\t\t\t\t\t\t<\/div>\n\t\t\t\n\t\t\t\n\t\t\t\n\t\t<\/div>\n\t\t\n\t\t\t\t<div id=\"wd-68481fee85883\" class=\"wd-text-block wd-wpb reset-last-child wd-rs-68481fee85883 text-left \">\n\t\t\t<p data-start=\"382\" data-end=\"743\"><strong data-start=\"382\" data-end=\"398\">Flo\u015f hal\u0131lar<\/strong>, parlak ve yumu\u015fak dokusuyla modern ya\u015fam alanlar\u0131n\u0131n vazge\u00e7ilmez par\u00e7alar\u0131d\u0131r. Ancak bu estetik yap\u0131, hassas ve dikkatli temizlik gerektirir. <strong data-start=\"542\" data-end=\"563\">Alk\u0131\u015f Hal\u0131 Y\u0131kama<\/strong> olarak, <strong data-start=\"572\" data-end=\"592\">flo\u015f hal\u0131 y\u0131kama<\/strong> hizmetinde uzman ekibimiz ve \u00f6zel tekniklerimizle, hal\u0131lar\u0131n\u0131z\u0131 derinlemesine temizlerken orijinal parlakl\u0131\u011f\u0131n\u0131 ve dokusunu korumay\u0131 garanti ediyoruz.<\/p>\n<p data-start=\"745\" data-end=\"917\"><strong data-start=\"745\" data-end=\"852\">\u0130zmit, Yahyakaptan, Ye\u015filova, Malta, K\u00f6rfez, Ba\u015fiskele, Kad\u0131k\u00f6y, Umuttepe, Tav\u015fantepe, Kartepe, Halkevi<\/strong> gibi Kocaeli&#8217;nin bir\u00e7ok b\u00f6lgesinde profesyonel hizmet veriyoruz.<\/p>\n\t\t<\/div>\n\t\t[\/vc_column][vc_column width=&#8221;1\/2&#8243;]\t\t<div id=\"wd-68481fd393721\" class=\"wd-image wd-wpb wd-rs-68481fd393721 text-right \">\n\t\t\t\n\t\t\t<img loading=\"lazy\" decoding=\"async\" width=\"371\" height=\"300\" src=\"https:\/\/www.alkishaliyikama.com\/wp-content\/uploads\/2025\/06\/Flos-Hali-Yikama-Hizmeti-Kocaeli-Izmit-Korfez-Malta-Yesilova-Umuttepe-Alkis-Hali-Yikamada.jpg\" class=\"attachment-medium size-medium\" alt=\"Flo\u015f Hal\u0131 Y\u0131kama Hizmeti Kocaeli \u0130zmit K\u00f6rfez Malta Ye\u015filova Umuttepe Alk\u0131\u015f Hal\u0131 Y\u0131kama&#039;da!\" \/>\n\t\t\t\t\t<\/div>\n\t\t[\/vc_column][\/vc_row][vc_row][vc_column]\n\t\t<div id=\"wd-68481ffa0d6df\" class=\"title-wrapper wd-wpb wd-set-mb reset-last-child  wd-rs-68481ffa0d6df wd-title-color-default wd-title-style-default text-left  wd-underline-colored\">\n\t\t\t\n\t\t\t<div class=\"liner-continer\">\n\t\t\t\t<h4 class=\"woodmart-title-container title  wd-font-weight- wd-fontsize-l\" >Flo\u015f Hal\u0131 Nedir? Neden \u00d6zel Y\u0131kama Gerektirir?<\/h4>\n\t\t\t\t\t\t\t<\/div>\n\t\t\t\n\t\t\t\n\t\t\t\n\t\t<\/div>\n\t\t\n\t\t\t\t<div id=\"wd-684820044245c\" class=\"wd-text-block wd-wpb reset-last-child wd-rs-684820044245c text-left \">\n\t\t\t<p data-start=\"976\" data-end=\"1226\"><strong data-start=\"976\" data-end=\"992\">Flo\u015f hal\u0131lar<\/strong>, genellikle viskon veya ipek g\u00f6r\u00fcn\u00fcml\u00fc sentetik ipliklerden dokunur. G\u00f6r\u00fcn\u00fcm olarak \u015f\u0131k, his olarak yumu\u015fak ve l\u00fcks alg\u0131s\u0131 y\u00fcksek olan bu hal\u0131lar; y\u00fcksek s\u0131cakl\u0131k, agresif deterjanlar ya da yanl\u0131\u015f f\u0131r\u00e7alama nedeniyle zarar g\u00f6rebilir.<\/p>\n<p data-start=\"1228\" data-end=\"1326\">???? Renk solmas\u0131<br data-start=\"1243\" data-end=\"1246\" \/>???? Y\u00fczeyde ke\u00e7ele\u015fme<br data-start=\"1266\" data-end=\"1269\" \/>???? Parlakl\u0131\u011f\u0131n kayb\u0131<br data-start=\"1289\" data-end=\"1292\" \/>???? Liflerde incelme ve deformasyon<\/p>\n<p data-start=\"1328\" data-end=\"1431\">Bu gibi durumlar\u0131n ya\u015fanmamas\u0131 i\u00e7in <strong data-start=\"1364\" data-end=\"1391\">flo\u015f hal\u0131 y\u0131kama i\u015flemi<\/strong>, uzmanl\u0131k ve \u00f6zen isteyen bir s\u00fcre\u00e7tir.<\/p>\n\t\t<\/div>\n\t\t[\/vc_column][\/vc_row][vc_row][vc_column]\n\t\t<div id=\"wd-6848200e855d4\" class=\"title-wrapper wd-wpb wd-set-mb reset-last-child  wd-rs-6848200e855d4 wd-title-color-default wd-title-style-default text-left  wd-underline-colored\">\n\t\t\t\n\t\t\t<div class=\"liner-continer\">\n\t\t\t\t<h4 class=\"woodmart-title-container title  wd-font-weight- wd-fontsize-l\" >Alk\u0131\u015f Hal\u0131 Y\u0131kama\u2019da Flo\u015f Hal\u0131 Y\u0131kama Nas\u0131l Yap\u0131l\u0131r?<\/h4>\n\t\t\t\t\t\t\t<\/div>\n\t\t\t\n\t\t\t\n\t\t\t\n\t\t<\/div>\n\t\t\n\t\t\t\t<div id=\"wd-68482043d0bd0\" class=\"wd-text-block wd-wpb reset-last-child wd-rs-68482043d0bd0 text-left \">\n\t\t\t<p data-start=\"1496\" data-end=\"1598\">lk\u0131\u015f Hal\u0131 Y\u0131kama olarak, <strong data-start=\"1522\" data-end=\"1585\">flo\u015f hal\u0131lar\u0131n hassas yap\u0131s\u0131n\u0131 koruyacak \u00f6zel y\u0131kama s\u00fcreci<\/strong> uyguluyoruz:<\/p>\n<p data-start=\"1600\" data-end=\"2351\">???? <strong data-start=\"1603\" data-end=\"1617\">\u00d6n Analiz:<\/strong> Hal\u0131 t\u00fcr\u00fc, y\u00fczey dokusu ve leke durumu de\u011ferlendirilir.<br data-start=\"1673\" data-end=\"1676\" \/>???? <strong data-start=\"1679\" data-end=\"1692\">Toz Alma:<\/strong> Hal\u0131n\u0131n i\u00e7 dokusuna i\u015flemi\u015f tozlar profesyonel vakum sistemiyle al\u0131n\u0131r.<br data-start=\"1764\" data-end=\"1767\" \/>???? <strong data-start=\"1770\" data-end=\"1792\">Leke \u00d6n Ar\u0131nd\u0131rma:<\/strong> Leke durumuna g\u00f6re do\u011fal ve yumu\u015fak etkili \u00fcr\u00fcnlerle \u00f6n temizlik yap\u0131l\u0131r.<br data-start=\"1866\" data-end=\"1869\" \/>???? <strong data-start=\"1872\" data-end=\"1906\">D\u00fc\u015f\u00fck Devirli Otomatik Y\u0131kama:<\/strong> Flo\u015f hal\u0131lar, y\u00fczeye zarar vermeyen \u00f6zel f\u0131r\u00e7alarla, programlanabilir makinelerde temizlenir.<br data-start=\"2000\" data-end=\"2003\" \/>???? <strong data-start=\"2006\" data-end=\"2032\">So\u011fuk Su ile Durulama:<\/strong> Renk korumas\u0131 i\u00e7in so\u011fuk su kullan\u0131larak bolca durulama yap\u0131l\u0131r.<br data-start=\"2097\" data-end=\"2100\" \/>???? <strong data-start=\"2103\" data-end=\"2120\">Hassas S\u0131kma:<\/strong> Y\u00fcksek devirden ka\u00e7\u0131n\u0131larak liflerde bozulma riski azalt\u0131l\u0131r.<br data-start=\"2182\" data-end=\"2185\" \/>???? <strong data-start=\"2188\" data-end=\"2208\">G\u00f6lgede Kurutma:<\/strong> G\u00fcne\u015f g\u00f6rmeden, tozdan uzak alanlarda kurutulur.<br data-start=\"2257\" data-end=\"2260\" \/>???? <strong data-start=\"2263\" data-end=\"2282\">Kalite Kontrol:<\/strong> Kuruyan hal\u0131 kontrol edilir, parlakl\u0131k ve temizlik seviyesi \u00f6l\u00e7\u00fcl\u00fcr.<\/p>\n\t\t<\/div>\n\t\t[\/vc_column][\/vc_row][vc_row][vc_column]\n\t\t<div id=\"wd-6848205b374fa\" class=\"title-wrapper wd-wpb wd-set-mb reset-last-child  wd-rs-6848205b374fa wd-title-color-default wd-title-style-default text-left  wd-underline-colored\">\n\t\t\t\n\t\t\t<div class=\"liner-continer\">\n\t\t\t\t<h4 class=\"woodmart-title-container title  wd-font-weight- wd-fontsize-l\" >Neden Flo\u015f Hal\u0131n\u0131z\u0131 Alk\u0131\u015f Hal\u0131 Y\u0131kama\u2019ya Emanet Etmelisiniz?<\/h4>\n\t\t\t\t\t\t\t<\/div>\n\t\t\t\n\t\t\t\n\t\t\t\n\t\t<\/div>\n\t\t\n\t\t\t\t<div id=\"wd-68482063d2bd9\" class=\"wd-text-block wd-wpb reset-last-child wd-rs-68482063d2bd9 text-left \">\n\t\t\t<p data-start=\"2456\" data-end=\"2722\">\u2705 <strong data-start=\"2390\" data-end=\"2430\">Flo\u015f hal\u0131lara \u00f6zel y\u0131kama teknikleri<\/strong><br data-start=\"2430\" data-end=\"2433\" \/>\u2705 <strong data-start=\"2435\" data-end=\"2480\">Parlakl\u0131k ve dokuyu koruyan do\u011fal \u00fcr\u00fcnler<\/strong><br data-start=\"2480\" data-end=\"2483\" \/>\u2705 <strong data-start=\"2485\" data-end=\"2536\">Geli\u015fmi\u015f makine sistemleri ve e\u011fitimli personel<\/strong><br data-start=\"2536\" data-end=\"2539\" \/>\u2705 <strong data-start=\"2541\" data-end=\"2589\">\u00dccretsiz servis (adresinizden al\u0131m \u2013 teslim)<\/strong><br data-start=\"2589\" data-end=\"2592\" \/>\u2705 <strong data-start=\"2594\" data-end=\"2647\">Kocaeli\u2019nin her noktas\u0131na h\u0131zl\u0131 ve g\u00fcvenli hizmet<\/strong><br data-start=\"2647\" data-end=\"2650\" \/>\u2705 <strong data-start=\"2652\" data-end=\"2690\">%100 m\u00fc\u015fteri memnuniyeti garantisi<\/strong><\/p>\n\t\t<\/div>\n\t\t[\/vc_column][\/vc_row][vc_row][vc_column]\n\t\t<div id=\"wd-6847e8d20b446\" class=\"title-wrapper wd-wpb wd-set-mb reset-last-child  wd-rs-6847e8d20b446 wd-title-color-default wd-title-style-default text-left  wd-underline-colored\">\n\t\t\t\n\t\t\t<div class=\"liner-continer\">\n\t\t\t\t<h4 class=\"woodmart-title-container title  wd-font-weight- wd-fontsize-l\" >Feshane Hal\u0131s\u0131 Y\u0131kama Hakk\u0131nda S\u0131k Sorulan Sorular<\/h4>\n\t\t\t\t\t\t\t<\/div>\n\t\t\t\n\t\t\t\n\t\t\t\n\t\t<\/div>\n\t\t\n\t\t\t\t<div id=\"wd-68482eb40df25\" class=\"wd-text-block wd-wpb reset-last-child wd-rs-68482eb40df25 text-left \">\n\t\t\t<p data-start=\"3516\" data-end=\"3677\"><strong data-start=\"3516\" data-end=\"3555\">\u2753Flo\u015f hal\u0131m\u0131 evde y\u0131kayabilir miyim?<\/strong><br data-start=\"3555\" data-end=\"3558\" \/>\u27a1\u00a0Hay\u0131r. Ev ortam\u0131nda kullan\u0131lan deterjan ve su s\u0131cakl\u0131\u011f\u0131, hal\u0131n\u0131n yap\u0131s\u0131na zarar verebilir. Profesyonel y\u0131kama \u00f6nerilir.<\/p>\n<p data-start=\"3679\" data-end=\"3796\"><strong data-start=\"3679\" data-end=\"3722\">\u2753Flo\u015f hal\u0131n\u0131n \u00f6mr\u00fc y\u0131kamayla k\u0131sal\u0131r m\u0131?<\/strong><br data-start=\"3722\" data-end=\"3725\" \/>\u27a1\u00a0Tam tersi. Do\u011fru temizlik, hal\u0131n\u0131n \u00f6mr\u00fcn\u00fc uzat\u0131r ve parlakl\u0131\u011f\u0131n\u0131 korur.<\/p>\n<p data-start=\"3798\" data-end=\"3911\"><strong data-start=\"3798\" data-end=\"3822\">\u2753Teslim s\u00fcresi nedir?<\/strong><br data-start=\"3822\" data-end=\"3825\" \/>\u27a1\u00a0Teslimat s\u00fcresi yo\u011funlu\u011fa g\u00f6re de\u011fi\u015fmekle birlikte genellikle 2\u20134 i\u015f g\u00fcn\u00fc aras\u0131ndad\u0131r.<\/p>\n\t\t<\/div>\n\t\t[\/vc_column][\/vc_row][vc_row][vc_column]\n\t\t<div id=\"wd-6847e5fd976d5\" class=\"title-wrapper wd-wpb wd-set-mb reset-last-child  wd-rs-6847e5fd976d5 wd-title-color-default wd-title-style-default text-left  wd-underline-colored\">\n\t\t\t\n\t\t\t<div class=\"liner-continer\">\n\t\t\t\t<h4 class=\"woodmart-title-container title  wd-font-weight- wd-fontsize-l\" >Hangi B\u00f6lgelerdeyiz?<\/h4>\n\t\t\t\t\t\t\t<\/div>\n\t\t\t\n\t\t\t\n\t\t\t\n\t\t<\/div>\n\t\t\n\t\t\t\t<div id=\"wd-684820aa1c28f\" class=\"wd-text-block wd-wpb reset-last-child wd-rs-684820aa1c28f text-left \">\n\t\t\t<p data-start=\"3046\" data-end=\"3462\"><strong data-start=\"3046\" data-end=\"3067\">Alk\u0131\u015f Hal\u0131 Y\u0131kama<\/strong>, ba\u015fta \u0130zmit olmak \u00fczere \u015fu b\u00f6lgelerde h\u0131zl\u0131 ve profesyonel hizmet sunar:<br data-start=\"3141\" data-end=\"3144\" \/>???? \u0130zmit, Yahyakaptan, Ye\u015filova, Malta, Umuttepe, K\u00f6rfez, Yeni\u015fehir, Ba\u015fiskele, Sanayi, Kuru\u00e7e\u015fme, Plajyolu, Kad\u0131k\u00f6y, Karaba\u015f, Merkez, Ayazma, Kartepe, Alemdar, G\u00fcndo\u011fdu, 60 Evler, Yenikent, T\u00fcys\u00fczler, Orduevi, Halkevi, Bekirpa\u015fa, G\u00fcltepe, Alikahya, Ak\u00e7akoca, Tav\u015fantepe, 28 Haziran, Orhan, Turgut, Top\u00e7ular, Cedit ve \u00e7evresi.<\/p>\n\t\t<\/div>\n\t\t[\/vc_column][\/vc_row][vc_row][vc_column]\n\t\t<div id=\"wd-6847e61118107\" class=\"title-wrapper wd-wpb wd-set-mb reset-last-child  wd-rs-6847e61118107 wd-title-color-default wd-title-style-default text-left  wd-underline-colored\">\n\t\t\t\n\t\t\t<div class=\"liner-continer\">\n\t\t\t\t<h4 class=\"woodmart-title-container title  wd-font-weight- wd-fontsize-l\" >Hayal Etti\u011finiz Temizlik \u0130\u00e7in Alk\u0131\u015f Hal\u0131 Y\u0131kama<\/h4>\n\t\t\t\t\t\t\t<\/div>\n\t\t\t\n\t\t\t\n\t\t\t\n\t\t<\/div>\n\t\t\n\t\t\t\t<div id=\"wd-6848208d6f4e9\" class=\"wd-text-block wd-wpb reset-last-child wd-rs-6848208d6f4e9 text-left \">\n\t\t\t<p data-start=\"4795\" data-end=\"5036\">Kalitenin ve g\u00fcvenin adresi <strong data-start=\"4823\" data-end=\"4844\">Alk\u0131\u015f Hal\u0131 Y\u0131kama<\/strong>, <strong data-start=\"4846\" data-end=\"4878\">Kocaeli \u0130zmit flo\u015f hal\u0131s\u0131 y\u0131kama<\/strong> hizmetinde lider markalardan biri olman\u0131n gururunu ya\u015famaktad\u0131r. H\u0131zl\u0131, ekonomik ve g\u00fcvenilir \u00e7\u00f6z\u00fcmlerimizden faydalanmak i\u00e7in hemen bizimle ileti\u015fime ge\u00e7in!<\/p>\n<p data-start=\"4795\" data-end=\"5036\">El eme\u011fi g\u00f6z nuru hal\u0131lar\u0131n\u0131z i\u00e7in s\u0131radan \u00e7\u00f6z\u00fcmler de\u011fil, <strong data-start=\"4306\" data-end=\"4320\">\u00f6zel bak\u0131m<\/strong> sunuyoruz. <strong data-start=\"4332\" data-end=\"4384\">Temizlik, kalite ve g\u00fcveni bir arada ar\u0131yorsan\u0131z<\/strong>, Alk\u0131\u015f Hal\u0131 Y\u0131kama tam size g\u00f6re!<\/p>\n<p data-start=\"5038\" data-end=\"5169\">???? <strong data-start=\"5041\" data-end=\"5054\">\u0130leti\u015fim:<\/strong> +90 (552) 551 41 01<br data-start=\"5074\" data-end=\"5077\" \/>???? <strong data-start=\"5080\" data-end=\"5101\">Hizmet B\u00f6lgeleri:<\/strong> \u0130zmit, Yahyakaptan, K\u00f6rfez, Umuttepe, Derince, Ye\u015filova ve \u00e7evresi.<\/p>\n\t\t<\/div>\n\t\t[\/vc_column][\/vc_row][vc_row][vc_column]\n\t\t<div id=\"wd-6847e64bd5dee\" class=\"title-wrapper wd-wpb wd-set-mb reset-last-child  wd-rs-6847e64bd5dee wd-title-color-default wd-title-style-default text-left  wd-underline-colored\">\n\t\t\t\n\t\t\t<div class=\"liner-continer\">\n\t\t\t\t<h4 class=\"woodmart-title-container title  wd-font-weight- wd-fontsize-l\" >Temizlikte \u00d6zel Kaliteyi Alk\u0131\u015flay\u0131n!<\/h4>\n\t\t\t\t\t\t\t<\/div>\n\t\t\t\n\t\t\t\n\t\t\t\n\t\t<\/div>\n\t\t\n\t\t\t\t<div id=\"wd-6847e655a18f5\" class=\"wd-text-block wd-wpb reset-last-child wd-rs-6847e655a18f5 text-left \">\n\t\t\t<p data-start=\"3801\" data-end=\"3998\">Hijyenin ve g\u00fcvenin simgesi olan <strong data-start=\"3834\" data-end=\"3855\">Alk\u0131\u015f Hal\u0131 Y\u0131kama<\/strong>, hal\u0131lar\u0131n\u0131z i\u00e7in en ideal temizlik \u00e7\u00f6z\u00fcm\u00fcn\u00fc sunar. Hemen \u015fimdi bizimle ileti\u015fime ge\u00e7in, hal\u0131lar\u0131n\u0131z\u0131 tertemiz teslim alman\u0131n keyfini ya\u015fay\u0131n!<\/p>\n\t\t<\/div>\n\t\t[\/vc_column][\/vc_row][\/vc_section]<\/p>\n<\/div>","protected":false},"excerpt":{"rendered":"<p>[vc_section css=&#8221;.vc_custom_1749542035825{margin-top: 140px !important;}&#8221; woodmart_css_id=&#8221;6847e48cad22d&#8221; responsive_spacing=&#8221;eyJwYXJhbV90eXBlIjoid29vZG1hcnRfcmVzcG9uc2l2ZV9zcGFjaW5nIiwic2VsZWN0b3JfaWQiOiI2ODQ3ZTQ4Y2FkMjJkIiwic2hvcnRjb2RlIjoidmNfc2VjdGlvbiIsImRhdGEiOnsidGFibGV0Ijp7fSwibW9iaWxlIjp7fX19&#8243; mobile_bg_img_hidden=&#8221;no&#8221; tablet_bg_img_hidden=&#8221;no&#8221; woodmart_parallax=&#8221;0&#8243; woodmart_gradient_switch=&#8221;no&#8221; woodmart_box_shadow=&#8221;no&#8221; wd_z_index=&#8221;no&#8221; woodmart_disable_overflow=&#8221;0&#8243;][vc_row][vc_column width=&#8221;1\/2&#8243;][\/vc_column][vc_column width=&#8221;1\/2&#8243;][\/vc_column][\/vc_row][vc_row][vc_column][\/vc_column][\/vc_row][vc_row][vc_column][\/vc_column][\/vc_row][vc_row][vc_column][\/vc_column][\/vc_row][vc_row][vc_column][\/vc_column][\/vc_row][vc_row][vc_column][\/vc_column][\/vc_row][vc_row][vc_column][\/vc_column][\/vc_row][vc_row][vc_column][\/vc_column][\/vc_row][\/vc_section]<\/p>\n","protected":false},"author":1,"featured_media":0,"parent":9504,"menu_order":0,"comment_status":"closed","ping_status":"closed","template":"","meta":{"footnotes":""},"class_list":["post-9514","page","type-page","status-publish","hentry"],"_links":{"self":[{"href":"https:\/\/www.alkishaliyikama.com\/index.php\/wp-json\/wp\/v2\/pages\/9514","targetHints":{"allow":["GET"]}}],"collection":[{"href":"https:\/\/www.alkishaliyikama.com\/index.php\/wp-json\/wp\/v2\/pages"}],"about":[{"href":"https:\/\/www.alkishaliyikama.com\/index.php\/wp-json\/wp\/v2\/types\/page"}],"author":[{"embeddable":true,"href":"https:\/\/www.alkishaliyikama.com\/index.php\/wp-json\/wp\/v2\/users\/1"}],"replies":[{"embeddable":true,"href":"https:\/\/www.alkishaliyikama.com\/index.php\/wp-json\/wp\/v2\/comments?post=9514"}],"version-history":[{"count":2,"href":"https:\/\/www.alkishaliyikama.com\/index.php\/wp-json\/wp\/v2\/pages\/9514\/revisions"}],"predecessor-version":[{"id":9530,"href":"https:\/\/www.alkishaliyikama.com\/index.php\/wp-json\/wp\/v2\/pages\/9514\/revisions\/9530"}],"up":[{"embeddable":true,"href":"https:\/\/www.alkishaliyikama.com\/index.php\/wp-json\/wp\/v2\/pages\/9504"}],"wp:attachment":[{"href":"https:\/\/www.alkishaliyikama.com\/index.php\/wp-json\/wp\/v2\/media?parent=9514"}],"curies":[{"name":"wp","href":"https:\/\/api.w.org\/{rel}","templated":true}]}}