{"id":9510,"date":"2025-06-10T11:09:16","date_gmt":"2025-06-10T08:09:16","guid":{"rendered":"https:\/\/www.alkishaliyikama.com\/?page_id=9510"},"modified":"2025-06-22T18:10:59","modified_gmt":"2025-06-22T15:10:59","slug":"ipek-hali-yikama","status":"publish","type":"page","link":"https:\/\/www.alkishaliyikama.com\/index.php\/hizmetlerimiz\/ipek-hali-yikama\/","title":{"rendered":"\u0130pek Hal\u0131 Y\u0131kama"},"content":{"rendered":"<div class=\"wpb-content-wrapper\"><p>[vc_section woodmart_css_id=&#8221;68581cff9fbf4&#8243; responsive_spacing=&#8221;eyJwYXJhbV90eXBlIjoid29vZG1hcnRfcmVzcG9uc2l2ZV9zcGFjaW5nIiwic2VsZWN0b3JfaWQiOiI2ODU4MWNmZjlmYmY0Iiwic2hvcnRjb2RlIjoidmNfc2VjdGlvbiIsImRhdGEiOnsidGFibGV0Ijp7fSwibW9iaWxlIjp7fX19&#8243; mobile_bg_img_hidden=&#8221;no&#8221; tablet_bg_img_hidden=&#8221;no&#8221; woodmart_parallax=&#8221;0&#8243; woodmart_gradient_switch=&#8221;no&#8221; woodmart_box_shadow=&#8221;no&#8221; wd_z_index=&#8221;no&#8221; woodmart_disable_overflow=&#8221;0&#8243;][vc_row][vc_column width=&#8221;1\/2&#8243;]\n\t\t<div id=\"wd-6847e7bf7ad02\" class=\"title-wrapper wd-wpb wd-set-mb reset-last-child  wd-rs-6847e7bf7ad02 wd-title-color-default wd-title-style-default text-left  wd-underline-colored\">\n\t\t\t\t\t\t\t\n\t\t\t\t<div class=\"title-subtitle  subtitle-color-default font-alt subtitle-style-default wd-font-weight- wd-fontsize-xs\">Alk\u0131\u015f Temizlik ve Hal\u0131 Y\u0131kama Fabrikas\u0131<\/div>\n\t\t\t\n\t\t\t<div class=\"liner-continer\">\n\t\t\t\t<h4 class=\"woodmart-title-container title  wd-font-weight- wd-fontsize-l\" >\u0130pek Hal\u0131lar\u0131n\u0131z \u0130\u00e7in \u00d6zel Temizlik: Alk\u0131\u015f Hal\u0131 Y\u0131kama \u0130zmit\u2019te Uzman Hizmet<\/h4>\n\t\t\t\t\t\t\t<\/div>\n\t\t\t\n\t\t\t\n\t\t\t\n\t\t<\/div>\n\t\t\n\t\t\t\t<div id=\"wd-6847e7c79c92e\" class=\"wd-text-block wd-wpb reset-last-child wd-rs-6847e7c79c92e text-left \">\n\t\t\t<p data-start=\"371\" data-end=\"681\">Do\u011fall\u0131\u011f\u0131n, zarafetin ve el i\u015f\u00e7ili\u011finin sembol\u00fc olan <strong data-start=\"424\" data-end=\"440\">ipek hal\u0131lar<\/strong>, s\u0131radan temizlik uygulamalar\u0131yla de\u011fil, uzman ellerle y\u0131kanmal\u0131d\u0131r. <strong data-start=\"510\" data-end=\"531\">Alk\u0131\u015f Hal\u0131 Y\u0131kama<\/strong>, <strong data-start=\"533\" data-end=\"552\">Kocaeli \u2013 \u0130zmit<\/strong> b\u00f6lgesinde ipek hal\u0131 temizli\u011finde profesyonel \u00e7\u00f6z\u00fcmler sunarak, hal\u0131lar\u0131n\u0131z\u0131n estetik ve yap\u0131sal de\u011ferini korumay\u0131 garanti eder.<\/p>\n<p data-start=\"683\" data-end=\"849\"><strong data-start=\"683\" data-end=\"792\">Yahyakaptan, Ye\u015filova, K\u00f6rfez, Ba\u015fiskele, Kad\u0131k\u00f6y, Tav\u015fantepe, Kartepe, Alikahya, Umuttepe, Merkez, Malta<\/strong> ve \u00e7evresinde ipek hal\u0131lar\u0131n\u0131za \u00f6zenle hizmet veriyoruz.<\/p>\n\t\t<\/div>\n\t\t[\/vc_column][vc_column width=&#8221;1\/2&#8243;]\t\t<div id=\"wd-6847e4abbb16e\" class=\"wd-image wd-wpb wd-rs-6847e4abbb16e text-right \">\n\t\t\t\n\t\t\t<img loading=\"lazy\" decoding=\"async\" width=\"370\" height=\"300\" src=\"https:\/\/www.alkishaliyikama.com\/wp-content\/uploads\/2025\/06\/Makine-Halisi-Yikama-Hizmeti-Kocaeli-Izmit-Korfez-Malta-Yesilova-Umuttepe-Alkis-Hali-Yikamada.png\" class=\"attachment-medium size-medium\" alt=\"Makine Hal\u0131s\u0131 Y\u0131kama Hizmeti Kocaeli \u0130zmit K\u00f6rfez Malta Ye\u015filova Umuttepe Alk\u0131\u015f Hal\u0131 Y\u0131kama&#039;da!\" \/>\n\t\t\t\t\t<\/div>\n\t\t[\/vc_column][\/vc_row][vc_row][vc_column]\n\t\t<div id=\"wd-6847e7d06f080\" class=\"title-wrapper wd-wpb wd-set-mb reset-last-child  wd-rs-6847e7d06f080 wd-title-color-default wd-title-style-default text-left  wd-underline-colored\">\n\t\t\t\n\t\t\t<div class=\"liner-continer\">\n\t\t\t\t<h4 class=\"woodmart-title-container title  wd-font-weight- wd-fontsize-l\" >\u0130pek Hal\u0131 Nedir? Neden Profesyonel Temizlik Gerektirir?<\/h4>\n\t\t\t\t\t\t\t<\/div>\n\t\t\t\n\t\t\t\n\t\t\t\n\t\t<\/div>\n\t\t\n\t\t\t\t<div id=\"wd-6847e7d562e18\" class=\"wd-text-block wd-wpb reset-last-child wd-rs-6847e7d562e18 text-left \">\n\t\t\t<p data-start=\"917\" data-end=\"1169\">\u0130pek hal\u0131lar; ince, hassas ve parlak dokusu sayesinde l\u00fcks\u00fcn simgesi haline gelmi\u015f \u00f6zel \u00fcr\u00fcnlerdir. El dokumas\u0131 ipek hal\u0131lar, hem maddi hem manevi de\u011feri y\u00fcksek olan dekoratif eserlerdir. Ancak bu zarif yap\u0131, yanl\u0131\u015f temizlikte b\u00fcy\u00fck zararlar g\u00f6rebilir.<\/p>\n<p data-start=\"1171\" data-end=\"1219\">Ev tipi temizlikte kar\u015f\u0131la\u015fabilece\u011finiz riskler:<\/p>\n<p data-start=\"1221\" data-end=\"1352\">???? Liflerin zedelenmesi<br data-start=\"1244\" data-end=\"1247\" \/>???? Parlakl\u0131\u011f\u0131n kaybolmas\u0131<br data-start=\"1272\" data-end=\"1275\" \/>???? Renklerin solmas\u0131 veya birbirine kar\u0131\u015fmas\u0131<br data-start=\"1320\" data-end=\"1323\" \/>???? Hal\u0131n\u0131n \u015feklinin bozulmas\u0131<\/p>\n<p data-start=\"1354\" data-end=\"1459\">Bu nedenle <strong data-start=\"1365\" data-end=\"1394\">ipek hal\u0131s\u0131 y\u0131kama i\u015flemi<\/strong>, yaln\u0131zca uzman ekip ve do\u011fru tekniklerle ger\u00e7ekle\u015ftirilmelidir.<\/p>\n\t\t<\/div>\n\t\t[\/vc_column][\/vc_row][vc_row][vc_column]\n\t\t<div id=\"wd-6847e7e4e1a95\" class=\"title-wrapper wd-wpb wd-set-mb reset-last-child  wd-rs-6847e7e4e1a95 wd-title-color-default wd-title-style-default text-left  wd-underline-colored\">\n\t\t\t\n\t\t\t<div class=\"liner-continer\">\n\t\t\t\t<h4 class=\"woodmart-title-container title  wd-font-weight- wd-fontsize-l\" >Alk\u0131\u015f Hal\u0131 Y\u0131kama\u2019da \u0130pek Hal\u0131s\u0131 Nas\u0131l Y\u0131kan\u0131r?<\/h4>\n\t\t\t\t\t\t\t<\/div>\n\t\t\t\n\t\t\t\n\t\t\t\n\t\t<\/div>\n\t\t\n\t\t\t\t<div id=\"wd-6847e7e973c6b\" class=\"wd-text-block wd-wpb reset-last-child wd-rs-6847e7e973c6b text-left \">\n\t\t\t<p data-start=\"1519\" data-end=\"1617\">\u0130pek hal\u0131lar i\u00e7in <strong data-start=\"1537\" data-end=\"1606\">tamamen manuel, yumu\u015fak ve kimyasal i\u00e7ermeyen bir temizlik s\u00fcreci<\/strong> uygulan\u0131r:<\/p>\n<p data-start=\"1619\" data-end=\"2419\">???? <strong data-start=\"1622\" data-end=\"1646\">Analiz &amp; \u00d6n Kontrol:<\/strong> Hal\u0131n\u0131n ya\u015f\u0131, orijini, d\u00fc\u011f\u00fcm s\u0131kl\u0131\u011f\u0131 ve iplik yap\u0131s\u0131 uzman ekip taraf\u0131ndan incelenir.<br data-start=\"1732\" data-end=\"1735\" \/>???? <strong data-start=\"1738\" data-end=\"1751\">Toz Alma:<\/strong> Hal\u0131n\u0131n dokusuna zarar vermeden, \u00f6zel titre\u015fimli sistemlerle derinlemesine toz al\u0131n\u0131r.<br data-start=\"1838\" data-end=\"1841\" \/>???? <strong data-start=\"1844\" data-end=\"1864\">Leke M\u00fcdahalesi:<\/strong> Gerekli g\u00f6r\u00fcl\u00fcrse, \u00f6zel form\u00fcll\u00fc do\u011fal leke \u00e7\u0131kar\u0131c\u0131lar kullan\u0131l\u0131r.<br data-start=\"1932\" data-end=\"1935\" \/>???? <strong data-start=\"1938\" data-end=\"1954\">Elde Y\u0131kama:<\/strong> Makine kullan\u0131lmaz! Hal\u0131, uzman personel taraf\u0131ndan yumu\u015fak f\u0131r\u00e7alar ve %100 do\u011fal sabunla elde y\u0131kan\u0131r.<br data-start=\"2059\" data-end=\"2062\" \/>???? <strong data-start=\"2065\" data-end=\"2078\">Durulama:<\/strong> So\u011fuk ve saf su ile bolca durulanarak t\u00fcm sabun ve kir kal\u0131nt\u0131lar\u0131 ar\u0131nd\u0131r\u0131l\u0131r.<br data-start=\"2158\" data-end=\"2161\" \/>???? <strong data-start=\"2164\" data-end=\"2188\">Nem Alma ve Kurutma:<\/strong> Hal\u0131, formunu bozmadan d\u00fcz zeminde kurutulur. Do\u011frudan g\u00fcne\u015f \u0131\u015f\u0131\u011f\u0131na maruz b\u0131rak\u0131lmaz.<br data-start=\"2275\" data-end=\"2278\" \/>???? <strong data-start=\"2281\" data-end=\"2308\">Son Kontrol &amp; Teslimat:<\/strong> Temizlik ve renk kontrol\u00fc yap\u0131ld\u0131ktan sonra hal\u0131, \u00f6zel rulo sistemiyle paketlenir ve adresinize teslim edilir.<\/p>\n\t\t<\/div>\n\t\t[\/vc_column][\/vc_row][vc_row][vc_column]\n\t\t<div id=\"wd-6847e7f177100\" class=\"title-wrapper wd-wpb wd-set-mb reset-last-child  wd-rs-6847e7f177100 wd-title-color-default wd-title-style-default text-left  wd-underline-colored\">\n\t\t\t\n\t\t\t<div class=\"liner-continer\">\n\t\t\t\t<h4 class=\"woodmart-title-container title  wd-font-weight- wd-fontsize-l\" >Neden \u0130pek Hal\u0131n\u0131z\u0131 Alk\u0131\u015f Hal\u0131 Y\u0131kama\u2019ya Emanet Etmelisiniz?<\/h4>\n\t\t\t\t\t\t\t<\/div>\n\t\t\t\n\t\t\t\n\t\t\t\n\t\t<\/div>\n\t\t\n\t\t\t\t<div id=\"wd-6847e7f8da867\" class=\"wd-text-block wd-wpb reset-last-child wd-rs-6847e7f8da867 text-left \">\n\t\t\t<p data-start=\"2456\" data-end=\"2722\">???? <strong data-start=\"2459\" data-end=\"2509\">\u0130pek hal\u0131s\u0131na \u00f6zel, do\u011fal temizlik malzemeleri<\/strong><br data-start=\"2509\" data-end=\"2512\" \/>???? <strong data-start=\"2515\" data-end=\"2556\">Elle y\u0131kama ve detayl\u0131 leke temizli\u011fi<\/strong><br data-start=\"2556\" data-end=\"2559\" \/>???? <strong data-start=\"2562\" data-end=\"2613\">Adresten al\u0131m \u2013 adrese teslim (\u00fccretsiz servis)<\/strong><br data-start=\"2613\" data-end=\"2616\" \/>???? <strong data-start=\"2619\" data-end=\"2667\">\u0130pek dokumaya zarar vermeyen uzman teknikler<\/strong><br data-start=\"2667\" data-end=\"2670\" \/>???? <strong data-start=\"2673\" data-end=\"2722\">Sigortal\u0131 ta\u015f\u0131ma ve %100 memnuniyet garantisi<\/strong><\/p>\n<p data-start=\"2724\" data-end=\"2885\"><strong data-start=\"2724\" data-end=\"2761\">\u0130zmit\u2019te ipek hal\u0131 y\u0131kama hizmeti<\/strong> ar\u0131yorsan\u0131z, tecr\u00fcbe ve g\u00fcvenin adresi <strong data-start=\"2801\" data-end=\"2822\">Alk\u0131\u015f Hal\u0131 Y\u0131kama<\/strong> ile \u00e7al\u0131\u015f\u0131n. Hassas hal\u0131lar\u0131n\u0131z\u0131, hassas ellerle temizleyelim.<\/p>\n\t\t<\/div>\n\t\t[\/vc_column][\/vc_row][vc_row][vc_column]\n\t\t<div id=\"wd-6847e80b3b6bc\" class=\"title-wrapper wd-wpb wd-set-mb reset-last-child  wd-rs-6847e80b3b6bc wd-title-color-default wd-title-style-default text-left  wd-underline-colored\">\n\t\t\t\n\t\t\t<div class=\"liner-continer\">\n\t\t\t\t<h4 class=\"woodmart-title-container title  wd-font-weight- wd-fontsize-l\" >\u0130pek Hal\u0131s\u0131 Y\u0131kama Hakk\u0131nda S\u0131k Sorulan Sorular<\/h4>\n\t\t\t\t\t\t\t<\/div>\n\t\t\t\n\t\t\t\n\t\t\t\n\t\t<\/div>\n\t\t\n\t\t\t\t<div id=\"wd-68482ed189978\" class=\"wd-text-block wd-wpb reset-last-child wd-rs-68482ed189978 text-left \">\n\t\t\t<p data-start=\"3604\" data-end=\"3771\"><strong data-start=\"3604\" data-end=\"3650\">\u2753\u0130pek hal\u0131m\u0131 evde kendim y\u0131kayabilir miyim?<\/strong><br data-start=\"3650\" data-end=\"3653\" \/>\u27a1Hay\u0131r. En ufak yanl\u0131\u015f m\u00fcdahale hal\u0131ya geri d\u00f6n\u00fc\u015f\u00fc olmayan zararlar verebilir. Profesyonel ekip ve do\u011fru ortam gerekir.<\/p>\n<p data-start=\"3773\" data-end=\"3898\"><strong data-start=\"3773\" data-end=\"3804\">\u2753\u0130pek hal\u0131m\u0131n rengi akar m\u0131?<\/strong><br data-start=\"3804\" data-end=\"3807\" \/>\u27a1Kulland\u0131\u011f\u0131m\u0131z \u00fcr\u00fcnler renk sabitleyici i\u00e7erir. \u00d6n uygulama ile renk kar\u0131\u015fmalar\u0131 engellenir.<\/p>\n<p data-start=\"3900\" data-end=\"4036\"><strong data-start=\"3900\" data-end=\"3934\">\u2753Ne kadar s\u00fcrede teslim edilir?<\/strong><br data-start=\"3934\" data-end=\"3937\" \/>\u27a1\u0130pek hal\u0131larda do\u011fal kuruma s\u00fcresi daha uzun olabilir. Ortalama 3\u20135 i\u015f g\u00fcn\u00fc i\u00e7inde teslim sa\u011flan\u0131r.<\/p>\n\t\t<\/div>\n\t\t[\/vc_column][\/vc_row][vc_row][vc_column]\n\t\t<div id=\"wd-6847e5fd976d5\" class=\"title-wrapper wd-wpb wd-set-mb reset-last-child  wd-rs-6847e5fd976d5 wd-title-color-default wd-title-style-default text-left  wd-underline-colored\">\n\t\t\t\n\t\t\t<div class=\"liner-continer\">\n\t\t\t\t<h4 class=\"woodmart-title-container title  wd-font-weight- wd-fontsize-l\" >Hangi B\u00f6lgelerdeyiz?<\/h4>\n\t\t\t\t\t\t\t<\/div>\n\t\t\t\n\t\t\t\n\t\t\t\n\t\t<\/div>\n\t\t\n\t\t\t\t<div id=\"wd-6847e744e86cd\" class=\"wd-text-block wd-wpb reset-last-child wd-rs-6847e744e86cd text-left \">\n\t\t\t<p data-start=\"3046\" data-end=\"3462\"><strong data-start=\"3046\" data-end=\"3067\">Alk\u0131\u015f Hal\u0131 Y\u0131kama<\/strong>, ba\u015fta \u0130zmit olmak \u00fczere \u015fu b\u00f6lgelerde h\u0131zl\u0131 ve profesyonel hizmet sunar:<br data-start=\"3141\" data-end=\"3144\" \/>???? \u0130zmit, Yahyakaptan, Ye\u015filova, Malta, Umuttepe, K\u00f6rfez, Yeni\u015fehir, Ba\u015fiskele, Sanayi, Kuru\u00e7e\u015fme, Plajyolu, Kad\u0131k\u00f6y, Karaba\u015f, Merkez, Ayazma, Kartepe, Alemdar, G\u00fcndo\u011fdu, 60 Evler, Yenikent, T\u00fcys\u00fczer, Orduevi, Halkevi, Bekirpa\u015fa, G\u00fcltepe, Alikahya, Ak\u00e7akoca, Tav\u015fantepe, 28 Haziran, Orhan, Turgut, Top\u00e7ular, Cedit ve \u00e7evresi.<\/p>\n\t\t<\/div>\n\t\t[\/vc_column][\/vc_row][vc_row][vc_column]\n\t\t<div id=\"wd-6847e61118107\" class=\"title-wrapper wd-wpb wd-set-mb reset-last-child  wd-rs-6847e61118107 wd-title-color-default wd-title-style-default text-left  wd-underline-colored\">\n\t\t\t\n\t\t\t<div class=\"liner-continer\">\n\t\t\t\t<h4 class=\"woodmart-title-container title  wd-font-weight- wd-fontsize-l\" >Hayal Etti\u011finiz Temizlik \u0130\u00e7in Alk\u0131\u015f Hal\u0131 Y\u0131kama<\/h4>\n\t\t\t\t\t\t\t<\/div>\n\t\t\t\n\t\t\t\n\t\t\t\n\t\t<\/div>\n\t\t\n\t\t\t\t<div id=\"wd-6847e81992efe\" class=\"wd-text-block wd-wpb reset-last-child wd-rs-6847e81992efe text-left \">\n\t\t\t<p data-start=\"4795\" data-end=\"5036\">Kalitenin ve g\u00fcvenin adresi <strong data-start=\"4823\" data-end=\"4844\">Alk\u0131\u015f Hal\u0131 Y\u0131kama<\/strong>, <strong data-start=\"4846\" data-end=\"4878\">Kocaeli ipek hal\u0131s\u0131 y\u0131kama<\/strong> hizmetinde lider markalardan biri olman\u0131n gururunu ya\u015famaktad\u0131r. H\u0131zl\u0131, ekonomik ve g\u00fcvenilir \u00e7\u00f6z\u00fcmlerimizden faydalanmak i\u00e7in hemen bizimle ileti\u015fime ge\u00e7in!<\/p>\n<p data-start=\"4795\" data-end=\"5036\">El eme\u011fi g\u00f6z nuru hal\u0131lar\u0131n\u0131z i\u00e7in s\u0131radan \u00e7\u00f6z\u00fcmler de\u011fil, <strong data-start=\"4306\" data-end=\"4320\">\u00f6zel bak\u0131m<\/strong> sunuyoruz. <strong data-start=\"4332\" data-end=\"4384\">Temizlik, kalite ve g\u00fcveni bir arada ar\u0131yorsan\u0131z<\/strong>, Alk\u0131\u015f Hal\u0131 Y\u0131kama tam size g\u00f6re!<\/p>\n<p data-start=\"5038\" data-end=\"5169\">???? <strong data-start=\"5041\" data-end=\"5054\">\u0130leti\u015fim:<\/strong> +90 (552) 551 41 01<br data-start=\"5074\" data-end=\"5077\" \/>???? <strong data-start=\"5080\" data-end=\"5101\">Hizmet B\u00f6lgeleri:<\/strong> \u0130zmit, Yahyakaptan, K\u00f6rfez, Umuttepe, Derince, Ye\u015filova ve \u00e7evresi.<\/p>\n\t\t<\/div>\n\t\t[\/vc_column][\/vc_row][vc_row][vc_column]\n\t\t<div id=\"wd-6847e64bd5dee\" class=\"title-wrapper wd-wpb wd-set-mb reset-last-child  wd-rs-6847e64bd5dee wd-title-color-default wd-title-style-default text-left  wd-underline-colored\">\n\t\t\t\n\t\t\t<div class=\"liner-continer\">\n\t\t\t\t<h4 class=\"woodmart-title-container title  wd-font-weight- wd-fontsize-l\" >Temizlikte \u00d6zel Kaliteyi Alk\u0131\u015flay\u0131n!<\/h4>\n\t\t\t\t\t\t\t<\/div>\n\t\t\t\n\t\t\t\n\t\t\t\n\t\t<\/div>\n\t\t\n\t\t\t\t<div id=\"wd-6847e655a18f5\" class=\"wd-text-block wd-wpb reset-last-child wd-rs-6847e655a18f5 text-left \">\n\t\t\t<p data-start=\"3801\" data-end=\"3998\">Hijyenin ve g\u00fcvenin simgesi olan <strong data-start=\"3834\" data-end=\"3855\">Alk\u0131\u015f Hal\u0131 Y\u0131kama<\/strong>, hal\u0131lar\u0131n\u0131z i\u00e7in en ideal temizlik \u00e7\u00f6z\u00fcm\u00fcn\u00fc sunar. Hemen \u015fimdi bizimle ileti\u015fime ge\u00e7in, hal\u0131lar\u0131n\u0131z\u0131 tertemiz teslim alman\u0131n keyfini ya\u015fay\u0131n!<\/p>\n\t\t<\/div>\n\t\t[\/vc_column][\/vc_row][\/vc_section]<\/p>\n<\/div>","protected":false},"excerpt":{"rendered":"<p>[vc_section woodmart_css_id=&#8221;68581cff9fbf4&#8243; responsive_spacing=&#8221;eyJwYXJhbV90eXBlIjoid29vZG1hcnRfcmVzcG9uc2l2ZV9zcGFjaW5nIiwic2VsZWN0b3JfaWQiOiI2ODU4MWNmZjlmYmY0Iiwic2hvcnRjb2RlIjoidmNfc2VjdGlvbiIsImRhdGEiOnsidGFibGV0Ijp7fSwibW9iaWxlIjp7fX19&#8243; mobile_bg_img_hidden=&#8221;no&#8221; tablet_bg_img_hidden=&#8221;no&#8221; woodmart_parallax=&#8221;0&#8243; woodmart_gradient_switch=&#8221;no&#8221; woodmart_box_shadow=&#8221;no&#8221; wd_z_index=&#8221;no&#8221; woodmart_disable_overflow=&#8221;0&#8243;][vc_row][vc_column width=&#8221;1\/2&#8243;][\/vc_column][vc_column width=&#8221;1\/2&#8243;][\/vc_column][\/vc_row][vc_row][vc_column][\/vc_column][\/vc_row][vc_row][vc_column][\/vc_column][\/vc_row][vc_row][vc_column][\/vc_column][\/vc_row][vc_row][vc_column][\/vc_column][\/vc_row][vc_row][vc_column][\/vc_column][\/vc_row][vc_row][vc_column][\/vc_column][\/vc_row][vc_row][vc_column][\/vc_column][\/vc_row][\/vc_section]<\/p>\n","protected":false},"author":1,"featured_media":0,"parent":9504,"menu_order":0,"comment_status":"closed","ping_status":"closed","template":"","meta":{"footnotes":""},"class_list":["post-9510","page","type-page","status-publish","hentry"],"_links":{"self":[{"href":"https:\/\/www.alkishaliyikama.com\/index.php\/wp-json\/wp\/v2\/pages\/9510","targetHints":{"allow":["GET"]}}],"collection":[{"href":"https:\/\/www.alkishaliyikama.com\/index.php\/wp-json\/wp\/v2\/pages"}],"about":[{"href":"https:\/\/www.alkishaliyikama.com\/index.php\/wp-json\/wp\/v2\/types\/page"}],"author":[{"embeddable":true,"href":"https:\/\/www.alkishaliyikama.com\/index.php\/wp-json\/wp\/v2\/users\/1"}],"replies":[{"embeddable":true,"href":"https:\/\/www.alkishaliyikama.com\/index.php\/wp-json\/wp\/v2\/comments?post=9510"}],"version-history":[{"count":3,"href":"https:\/\/www.alkishaliyikama.com\/index.php\/wp-json\/wp\/v2\/pages\/9510\/revisions"}],"predecessor-version":[{"id":9683,"href":"https:\/\/www.alkishaliyikama.com\/index.php\/wp-json\/wp\/v2\/pages\/9510\/revisions\/9683"}],"up":[{"embeddable":true,"href":"https:\/\/www.alkishaliyikama.com\/index.php\/wp-json\/wp\/v2\/pages\/9504"}],"wp:attachment":[{"href":"https:\/\/www.alkishaliyikama.com\/index.php\/wp-json\/wp\/v2\/media?parent=9510"}],"curies":[{"name":"wp","href":"https:\/\/api.w.org\/{rel}","templated":true}]}}